{"id":612,"date":"2021-03-26T10:04:13","date_gmt":"2021-03-26T10:04:13","guid":{"rendered":"http:\/\/localhost\/nuss\/?page_id=612"},"modified":"2025-06-02T00:19:05","modified_gmt":"2025-06-02T00:19:05","slug":"restaurant","status":"publish","type":"page","link":"https:\/\/yitelpremium.com\/fr\/restaurant\/","title":{"rendered":"Restaurant"},"content":{"rendered":"<div data-elementor-type=\"wp-page\" data-elementor-id=\"612\" class=\"elementor elementor-612\">\n\t\t\t\t\t\t<section class=\"elementor-section elementor-top-section elementor-element elementor-element-e2effe8 elementor-section-boxed elementor-section-gap-beside-yes elementor-section-height-default elementor-section-height-default elementor-section-column-vertical-align-stretch\" data-id=\"e2effe8\" data-element_type=\"section\" data-e-type=\"section\">\n\t\t\t\t\t\t<div class=\"elementor-container elementor-column-gap-extended\">\n\t\t\t\t\t<div class=\"elementor-column elementor-col-100 elementor-top-column elementor-element elementor-element-e18f688\" data-id=\"e18f688\" data-element_type=\"column\" data-e-type=\"column\">\n\t\t\t<div class=\"elementor-widget-wrap elementor-element-populated\">\n\t\t\t\t\t\t<div class=\"elementor-element elementor-element-6db146d elementor-widget__width-initial elementor-invisible elementor-widget elementor-widget-text-editor\" data-id=\"6db146d\" data-element_type=\"widget\" data-e-type=\"widget\" data-settings=\"{&quot;_animation&quot;:&quot;nussFadeInUp&quot;}\" data-widget_type=\"text-editor.default\">\n\t\t\t\t<div class=\"elementor-widget-container\">\n\t\t\t\t\t\t\t\t\t<p>Bienvenue dans l&#039;exp\u00e9rience culinaire exquise du Yitel Premium Hotel, situ\u00e9 au c\u0153ur de Shanghai, pr\u00e8s de l&#039;embl\u00e9matique place du Peuple et de la rue pi\u00e9tonne anim\u00e9e de Nanjing Road.<\/p>\t\t\t\t\t\t\t\t<\/div>\n\t\t\t\t<\/div>\n\t\t\t\t\t<\/div>\n\t\t<\/div>\n\t\t\t\t\t<\/div>\n\t\t<\/section>\n\t\t<div class=\"elementor-element elementor-element-fe212ce e-flex e-con-boxed e-con e-parent\" data-id=\"fe212ce\" data-element_type=\"container\" data-e-type=\"container\">\n\t\t\t\t\t<div class=\"e-con-inner\">\n\t\t<div class=\"elementor-element elementor-element-19a00ca e-con-full e-flex e-con e-child\" data-id=\"19a00ca\" data-element_type=\"container\" data-e-type=\"container\">\n\t\t\t\t<div class=\"elementor-element elementor-element-49e7ebd elementor-widget elementor-widget-text-editor\" data-id=\"49e7ebd\" data-element_type=\"widget\" data-e-type=\"widget\" data-widget_type=\"text-editor.default\">\n\t\t\t\t<div class=\"elementor-widget-container\">\n\t\t\t\t\t\t\t\t\t<p>Notre restaurant est un v\u00e9ritable joyau cach\u00e9, offrant un voyage culinaire qui s&#039;harmonise parfaitement avec l&#039;\u00e9nergie vibrante de cette ville de renomm\u00e9e mondiale. Que vous soyez un voyageur \u00e0 la d\u00e9couverte de la riche culture shangha\u00efenne ou un habitant du coin en qu\u00eate d&#039;un repas inoubliable, notre restaurant vous promet une ambiance raffin\u00e9e, des saveurs captivantes et un service qui vous laissera une impression durable.<\/p>\t\t\t\t\t\t\t\t<\/div>\n\t\t\t\t<\/div>\n\t\t\t\t<\/div>\n\t\t<div class=\"elementor-element elementor-element-ccc99d9 e-con-full e-flex e-con e-child\" data-id=\"ccc99d9\" data-element_type=\"container\" data-e-type=\"container\">\n\t\t\t\t<div class=\"elementor-element elementor-element-9d99665 elementor-widget elementor-widget-image\" data-id=\"9d99665\" data-element_type=\"widget\" data-e-type=\"widget\" data-widget_type=\"image.default\">\n\t\t\t\t<div class=\"elementor-widget-container\">\n\t\t\t\t\t\t\t\t\t\t\t\t\t\t\t<img fetchpriority=\"high\" decoding=\"async\" width=\"853\" height=\"853\" src=\"https:\/\/yitelpremium.com\/wp-content\/uploads\/2025\/06\/dinning-01.webp\" class=\"attachment-large size-large wp-image-5654\" alt=\"\" srcset=\"https:\/\/yitelpremium.com\/wp-content\/uploads\/2025\/06\/dinning-01.webp 853w, https:\/\/yitelpremium.com\/wp-content\/uploads\/2025\/06\/dinning-01-300x300.webp 300w, https:\/\/yitelpremium.com\/wp-content\/uploads\/2025\/06\/dinning-01-150x150.webp 150w, https:\/\/yitelpremium.com\/wp-content\/uploads\/2025\/06\/dinning-01-768x768.webp 768w, https:\/\/yitelpremium.com\/wp-content\/uploads\/2025\/06\/dinning-01-12x12.webp 12w\" sizes=\"(max-width: 853px) 100vw, 853px\" \/>\t\t\t\t\t\t\t\t\t\t\t\t\t\t\t<\/div>\n\t\t\t\t<\/div>\n\t\t\t\t<\/div>\n\t\t\t\t\t<\/div>\n\t\t\t\t<\/div>\n\t\t<div class=\"elementor-element elementor-element-7442d31 e-flex e-con-boxed e-con e-parent\" data-id=\"7442d31\" data-element_type=\"container\" data-e-type=\"container\">\n\t\t\t\t\t<div class=\"e-con-inner\">\n\t\t<div class=\"elementor-element elementor-element-9a0cd9c e-con-full e-flex e-con e-child\" data-id=\"9a0cd9c\" data-element_type=\"container\" data-e-type=\"container\">\n\t\t\t\t<div class=\"elementor-element elementor-element-3fad5bb elementor-widget elementor-widget-image\" data-id=\"3fad5bb\" data-element_type=\"widget\" data-e-type=\"widget\" data-widget_type=\"image.default\">\n\t\t\t\t<div class=\"elementor-widget-container\">\n\t\t\t\t\t\t\t\t\t\t\t\t\t\t\t<img decoding=\"async\" width=\"1024\" height=\"683\" src=\"https:\/\/yitelpremium.com\/wp-content\/uploads\/2025\/06\/Yitel-Premium-7.jpg\" class=\"attachment-large size-large wp-image-5558\" alt=\"\" srcset=\"https:\/\/yitelpremium.com\/wp-content\/uploads\/2025\/06\/Yitel-Premium-7.jpg 1024w, https:\/\/yitelpremium.com\/wp-content\/uploads\/2025\/06\/Yitel-Premium-7-300x200.jpg 300w, https:\/\/yitelpremium.com\/wp-content\/uploads\/2025\/06\/Yitel-Premium-7-768x512.jpg 768w, https:\/\/yitelpremium.com\/wp-content\/uploads\/2025\/06\/Yitel-Premium-7-18x12.jpg 18w\" sizes=\"(max-width: 1024px) 100vw, 1024px\" \/>\t\t\t\t\t\t\t\t\t\t\t\t\t\t\t<\/div>\n\t\t\t\t<\/div>\n\t\t\t\t<\/div>\n\t\t<div class=\"elementor-element elementor-element-ae004a3 e-con-full e-flex e-con e-child\" data-id=\"ae004a3\" data-element_type=\"container\" data-e-type=\"container\">\n\t\t\t\t<div class=\"elementor-element elementor-element-3b42133 elementor-widget elementor-widget-text-editor\" data-id=\"3b42133\" data-element_type=\"widget\" data-e-type=\"widget\" data-widget_type=\"text-editor.default\">\n\t\t\t\t<div class=\"elementor-widget-container\">\n\t\t\t\t\t\t\t\t\t<p>Au restaurant Yitel Premium, nous sommes fiers d&#039;allier cuisine traditionnelle chinoise et innovation gastronomique moderne. Notre menu, soigneusement \u00e9labor\u00e9, met en valeur les meilleures saveurs de Shanghai, ainsi que des plats internationaux con\u00e7us pour satisfaire tous les palais. Des d\u00e9licats dim sum et savoureux canard laqu\u00e9 aux cr\u00e9ations fusion contemporaines, chaque plat est pr\u00e9par\u00e9 avec les ingr\u00e9dients les plus frais et une passion pour la perfection. Nos chefs, ma\u00eetres de leur art, s&#039;inspirent du dynamisme de Nanjing Road, insufflant \u00e0 chaque plat cr\u00e9ativit\u00e9 et authenticit\u00e9.<\/p><p>Nich\u00e9 dans l&#039;\u00e9l\u00e9gant cadre du Yitel Premium Hotel, notre restaurant offre bien plus qu&#039;un simple repas\u00a0: c&#039;est une exp\u00e9rience unique. Son d\u00e9cor \u00e9l\u00e9gant, inspir\u00e9 par le m\u00e9lange d&#039;h\u00e9ritage et de modernit\u00e9 de Shanghai, cr\u00e9e une atmosph\u00e8re chaleureuse et accueillante pour les r\u00e9unions de famille, les d\u00eeners d&#039;affaires ou les soir\u00e9es romantiques. De grandes baies vitr\u00e9es offrent une vue imprenable sur le quartier anim\u00e9 de la Place du Peuple, vous permettant de vous impr\u00e9gner du charme de la ville tout en savourant chaque bouch\u00e9e. Notre \u00e9quipe attentionn\u00e9e s&#039;engage \u00e0 ce que chaque d\u00e9tail de votre exp\u00e9rience culinaire soit impeccable, pour que vous vous sentiez comme chez vous au c\u0153ur du paysage urbain fr\u00e9n\u00e9tique de Shanghai.<\/p>\t\t\t\t\t\t\t\t<\/div>\n\t\t\t\t<\/div>\n\t\t\t\t<\/div>\n\t\t\t\t\t<\/div>\n\t\t\t\t<\/div>\n\t\t<div class=\"elementor-element elementor-element-8b4548e e-flex e-con-boxed e-con e-parent\" data-id=\"8b4548e\" data-element_type=\"container\" data-e-type=\"container\">\n\t\t\t\t\t<div class=\"e-con-inner\">\n\t\t<div class=\"elementor-element elementor-element-b6b626f e-con-full e-flex e-con e-child\" data-id=\"b6b626f\" data-element_type=\"container\" data-e-type=\"container\">\n\t\t\t\t<div class=\"elementor-element elementor-element-8004a63 elementor-widget elementor-widget-text-editor\" data-id=\"8004a63\" data-element_type=\"widget\" data-e-type=\"widget\" data-widget_type=\"text-editor.default\">\n\t\t\t\t<div class=\"elementor-widget-container\">\n\t\t\t\t\t\t\t\t\t<p>Id\u00e9alement situ\u00e9 \u00e0 proximit\u00e9 de la rue pi\u00e9tonne Nanjing Road, l&#039;un des quartiers commer\u00e7ants les plus anim\u00e9s au monde, notre restaurant est l&#039;\u00e9tape id\u00e9ale pour un d\u00e9licieux repas apr\u00e8s une journ\u00e9e de d\u00e9couvertes. Que vous souhaitiez savourer un copieux petit-d\u00e9jeuner pour bien d\u00e9marrer la journ\u00e9e, savourer un d\u00e9jeuner tranquille entre deux visites ou vous d\u00e9tendre autour d&#039;un somptueux d\u00eener, le restaurant premium Yitel s&#039;adapte \u00e0 toutes les occasions. Nous proposons \u00e9galement des menus saisonniers exclusifs et des promotions sp\u00e9ciales, pour une d\u00e9couverte toujours renouvel\u00e9e.<\/p><p>Pour les clients de l&#039;h\u00f4tel Yitel Premium, notre restaurant est un v\u00e9ritable luxe, offrant le confort d&#039;une cuisine de classe mondiale \u00e0 deux pas de leur chambre. Clients et visiteurs peuvent profiter de nos services traiteur sur mesure pour \u00e9v\u00e9nements, de nos options de d\u00eeners priv\u00e9s et de notre planification de menus personnalis\u00e9s pour rendre chaque c\u00e9l\u00e9bration inoubliable. Notre engagement en faveur du d\u00e9veloppement durable se traduit par une s\u00e9lection responsable d&#039;ingr\u00e9dients, un soutien aux agriculteurs locaux et la garantie que chaque plat refl\u00e8te notre engagement envers la qualit\u00e9 et l&#039;environnement.<\/p><p>Rejoignez-nous au restaurant premium Yitel, place du Peuple de Shanghai, pour une exp\u00e9rience culinaire incomparable qui capture l&#039;essence m\u00eame de cette ville dynamique. Laissez-nous ravir vos papilles, \u00e9veiller vos sens et cr\u00e9er des souvenirs inoubliables. R\u00e9servez votre table d\u00e8s aujourd&#039;hui et d\u00e9couvrez pourquoi notre restaurant est une destination incontournable pour les gourmets de Shanghai. Que vous recherchiez une saveur chinoise authentique ou une aventure culinaire internationale, nous sommes l\u00e0 pour vous servir avec excellence, un repas inoubliable \u00e0 la fois.<\/p>\t\t\t\t\t\t\t\t<\/div>\n\t\t\t\t<\/div>\n\t\t\t\t<\/div>\n\t\t<div class=\"elementor-element elementor-element-9d5ce22 e-con-full e-flex e-con e-child\" data-id=\"9d5ce22\" data-element_type=\"container\" data-e-type=\"container\">\n\t\t\t\t<div class=\"elementor-element elementor-element-b51c66b elementor-widget elementor-widget-image\" data-id=\"b51c66b\" data-element_type=\"widget\" data-e-type=\"widget\" data-widget_type=\"image.default\">\n\t\t\t\t<div class=\"elementor-widget-container\">\n\t\t\t\t\t\t\t\t\t\t\t\t\t\t\t<img decoding=\"async\" width=\"568\" height=\"853\" src=\"https:\/\/yitelpremium.com\/wp-content\/uploads\/2025\/06\/Yitel-Premium-dining-19.webp\" class=\"attachment-large size-large wp-image-5679\" alt=\"\" srcset=\"https:\/\/yitelpremium.com\/wp-content\/uploads\/2025\/06\/Yitel-Premium-dining-19.webp 568w, https:\/\/yitelpremium.com\/wp-content\/uploads\/2025\/06\/Yitel-Premium-dining-19-200x300.webp 200w, https:\/\/yitelpremium.com\/wp-content\/uploads\/2025\/06\/Yitel-Premium-dining-19-8x12.webp 8w\" sizes=\"(max-width: 568px) 100vw, 568px\" \/>\t\t\t\t\t\t\t\t\t\t\t\t\t\t\t<\/div>\n\t\t\t\t<\/div>\n\t\t\t\t<\/div>\n\t\t\t\t\t<\/div>\n\t\t\t\t<\/div>\n\t\t<div class=\"elementor-element elementor-element-369213e e-flex e-con-boxed e-con e-parent\" data-id=\"369213e\" data-element_type=\"container\" data-e-type=\"container\">\n\t\t\t\t\t<div class=\"e-con-inner\">\n\t\t\t\t<div class=\"elementor-element elementor-element-d647005 elementor-widget elementor-widget-nuss-image-gallery\" data-id=\"d647005\" data-element_type=\"widget\" data-e-type=\"widget\" data-widget_type=\"nuss-image-gallery.default\">\n\t\t\t\t<div class=\"elementor-widget-container\">\n\t\t\t\t\t\t\t<div class=\"nuss-grid-wrapper\" data-grid=\"{&quot;type&quot;:&quot;grid&quot;,&quot;ratio&quot;:null,&quot;columns&quot;:3,&quot;gutter&quot;:30}\">\r\n\t\t\t<div class=\"nuss-grid lazy-grid\">\r\n\t\t\t\t<div class=\"grid-sizer\"><\/div>\r\n\r\n\t\t\t\t\t\t\t\t\t\t\t\t<div class=\"grid-item\">\r\n\t\t\t\t\t\t<div class=\"nuss-box\">\t\t<div class=\"nuss-image image\">\r\n\t\t\t<img decoding=\"async\"  src=\"https:\/\/yitelpremium.com\/wp-content\/uploads\/2025\/06\/Yitel-Premium-dining-2.webp\" alt=\"Restauration Yitel Premium (2)\" \/>\t\t<\/div>\r\n\t\t\t\t<\/div>\t\t\t\t\t<\/div>\r\n\t\t\t\t\t\t<div class=\"grid-item\">\r\n\t\t\t\t\t\t<div class=\"nuss-box\">\t\t<div class=\"nuss-image image\">\r\n\t\t\t<img decoding=\"async\"  src=\"https:\/\/yitelpremium.com\/wp-content\/uploads\/2025\/06\/Yitel-Premium-dining-3.webp\" alt=\"Restauration Yitel Premium (3)\" \/>\t\t<\/div>\r\n\t\t\t\t<\/div>\t\t\t\t\t<\/div>\r\n\t\t\t\t\t\t<div class=\"grid-item\">\r\n\t\t\t\t\t\t<div class=\"nuss-box\">\t\t<div class=\"nuss-image image\">\r\n\t\t\t<img decoding=\"async\"  src=\"https:\/\/yitelpremium.com\/wp-content\/uploads\/2025\/06\/Yitel-Premium-dining-4.webp\" alt=\"Restauration Yitel Premium (4)\" \/>\t\t<\/div>\r\n\t\t\t\t<\/div>\t\t\t\t\t<\/div>\r\n\t\t\t\t\t\t<div class=\"grid-item\">\r\n\t\t\t\t\t\t<div class=\"nuss-box\">\t\t<div class=\"nuss-image image\">\r\n\t\t\t<img decoding=\"async\"  src=\"https:\/\/yitelpremium.com\/wp-content\/uploads\/2025\/06\/Yitel-Premium-dining-5.webp\" alt=\"Restauration Yitel Premium (5)\" \/>\t\t<\/div>\r\n\t\t\t\t<\/div>\t\t\t\t\t<\/div>\r\n\t\t\t\t\t\t<div class=\"grid-item\">\r\n\t\t\t\t\t\t<div class=\"nuss-box\">\t\t<div class=\"nuss-image image\">\r\n\t\t\t<img decoding=\"async\"  src=\"https:\/\/yitelpremium.com\/wp-content\/uploads\/2025\/06\/Yitel-Premium-dining-6.webp\" alt=\"Restauration Yitel Premium (6)\" \/>\t\t<\/div>\r\n\t\t\t\t<\/div>\t\t\t\t\t<\/div>\r\n\t\t\t\t\t\t<div class=\"grid-item\">\r\n\t\t\t\t\t\t<div class=\"nuss-box\">\t\t<div class=\"nuss-image image\">\r\n\t\t\t<img decoding=\"async\"  src=\"https:\/\/yitelpremium.com\/wp-content\/uploads\/2025\/06\/Yitel-Premium-dining-7.webp\" alt=\"Restauration Yitel Premium (7)\" \/>\t\t<\/div>\r\n\t\t\t\t<\/div>\t\t\t\t\t<\/div>\r\n\t\t\t\t\t\t<div class=\"grid-item\">\r\n\t\t\t\t\t\t<div class=\"nuss-box\">\t\t<div class=\"nuss-image image\">\r\n\t\t\t<img decoding=\"async\"  src=\"https:\/\/yitelpremium.com\/wp-content\/uploads\/2025\/06\/Yitel-Premium-dining-8.webp\" alt=\"Restauration Yitel Premium (8)\" \/>\t\t<\/div>\r\n\t\t\t\t<\/div>\t\t\t\t\t<\/div>\r\n\t\t\t\t\t\t<div class=\"grid-item\">\r\n\t\t\t\t\t\t<div class=\"nuss-box\">\t\t<div class=\"nuss-image image\">\r\n\t\t\t<img decoding=\"async\"  src=\"https:\/\/yitelpremium.com\/wp-content\/uploads\/2025\/06\/Yitel-Premium-dining-9.webp\" alt=\"Restauration Yitel Premium (9)\" \/>\t\t<\/div>\r\n\t\t\t\t<\/div>\t\t\t\t\t<\/div>\r\n\t\t\t\t\t\t<div class=\"grid-item\">\r\n\t\t\t\t\t\t<div class=\"nuss-box\">\t\t<div class=\"nuss-image image\">\r\n\t\t\t<img decoding=\"async\"  src=\"https:\/\/yitelpremium.com\/wp-content\/uploads\/2025\/06\/Yitel-Premium-dining-10.webp\" alt=\"Restauration Yitel Premium (10)\" \/>\t\t<\/div>\r\n\t\t\t\t<\/div>\t\t\t\t\t<\/div>\r\n\t\t\t\t\t\t<div class=\"grid-item\">\r\n\t\t\t\t\t\t<div class=\"nuss-box\">\t\t<div class=\"nuss-image image\">\r\n\t\t\t<img decoding=\"async\"  src=\"https:\/\/yitelpremium.com\/wp-content\/uploads\/2025\/06\/Yitel-Premium-dining-11.webp\" alt=\"Restauration Yitel Premium (11)\" \/>\t\t<\/div>\r\n\t\t\t\t<\/div>\t\t\t\t\t<\/div>\r\n\t\t\t\t\t\t<div class=\"grid-item\">\r\n\t\t\t\t\t\t<div class=\"nuss-box\">\t\t<div class=\"nuss-image image\">\r\n\t\t\t<img decoding=\"async\"  src=\"https:\/\/yitelpremium.com\/wp-content\/uploads\/2025\/06\/Yitel-Premium-dining-12.webp\" alt=\"Restauration Yitel Premium (12)\" \/>\t\t<\/div>\r\n\t\t\t\t<\/div>\t\t\t\t\t<\/div>\r\n\t\t\t\t\t\t<div class=\"grid-item\">\r\n\t\t\t\t\t\t<div class=\"nuss-box\">\t\t<div class=\"nuss-image image\">\r\n\t\t\t<img decoding=\"async\"  src=\"https:\/\/yitelpremium.com\/wp-content\/uploads\/2025\/06\/Yitel-Premium-dining-13.webp\" alt=\"Restauration Yitel Premium (13)\" \/>\t\t<\/div>\r\n\t\t\t\t<\/div>\t\t\t\t\t<\/div>\r\n\t\t\t\t\t\t<div class=\"grid-item\">\r\n\t\t\t\t\t\t<div class=\"nuss-box\">\t\t<div class=\"nuss-image image\">\r\n\t\t\t<img decoding=\"async\"  src=\"https:\/\/yitelpremium.com\/wp-content\/uploads\/2025\/06\/Yitel-Premium-dining-14.webp\" alt=\"Restauration Yitel Premium (14)\" \/>\t\t<\/div>\r\n\t\t\t\t<\/div>\t\t\t\t\t<\/div>\r\n\t\t\t\t\t\t<div class=\"grid-item\">\r\n\t\t\t\t\t\t<div class=\"nuss-box\">\t\t<div class=\"nuss-image image\">\r\n\t\t\t<img decoding=\"async\"  src=\"https:\/\/yitelpremium.com\/wp-content\/uploads\/2025\/06\/Yitel-Premium-dining-15.webp\" alt=\"Restauration Yitel Premium (15)\" \/>\t\t<\/div>\r\n\t\t\t\t<\/div>\t\t\t\t\t<\/div>\r\n\t\t\t\t\t\t<div class=\"grid-item\">\r\n\t\t\t\t\t\t<div class=\"nuss-box\">\t\t<div class=\"nuss-image image\">\r\n\t\t\t<img decoding=\"async\"  src=\"https:\/\/yitelpremium.com\/wp-content\/uploads\/2025\/06\/Yitel-Premium-dining-17.webp\" alt=\"Restauration Yitel Premium (17)\" \/>\t\t<\/div>\r\n\t\t\t\t<\/div>\t\t\t\t\t<\/div>\r\n\t\t\t\t\t\t<div class=\"grid-item\">\r\n\t\t\t\t\t\t<div class=\"nuss-box\">\t\t<div class=\"nuss-image image\">\r\n\t\t\t<img decoding=\"async\"  src=\"https:\/\/yitelpremium.com\/wp-content\/uploads\/2025\/06\/Yitel-Premium-dining-18.webp\" alt=\"Restauration Yitel Premium (18)\" \/>\t\t<\/div>\r\n\t\t\t\t<\/div>\t\t\t\t\t<\/div>\r\n\t\t\t\t\t\t<div class=\"grid-item\">\r\n\t\t\t\t\t\t<div class=\"nuss-box\">\t\t<div class=\"nuss-image image\">\r\n\t\t\t<img decoding=\"async\"  src=\"https:\/\/yitelpremium.com\/wp-content\/uploads\/2025\/06\/Yitel-Premium-dining-20.webp\" alt=\"Restauration Yitel Premium (20)\" \/>\t\t<\/div>\r\n\t\t\t\t<\/div>\t\t\t\t\t<\/div>\r\n\t\t\t\t\t\t<div class=\"grid-item\">\r\n\t\t\t\t\t\t<div class=\"nuss-box\">\t\t<div class=\"nuss-image image\">\r\n\t\t\t<img decoding=\"async\"  src=\"https:\/\/yitelpremium.com\/wp-content\/uploads\/2025\/06\/Yitel-Premium-dining-22.webp\" alt=\"Restauration Yitel Premium (22)\" \/>\t\t<\/div>\r\n\t\t\t\t<\/div>\t\t\t\t\t<\/div>\r\n\t\t\t\t\t\t<div class=\"grid-item\">\r\n\t\t\t\t\t\t<div class=\"nuss-box\">\t\t<div class=\"nuss-image image\">\r\n\t\t\t<img decoding=\"async\"  src=\"https:\/\/yitelpremium.com\/wp-content\/uploads\/2025\/06\/Yitel-Premium-dining-23.webp\" alt=\"Restauration Yitel Premium (23)\" \/>\t\t<\/div>\r\n\t\t\t\t<\/div>\t\t\t\t\t<\/div>\r\n\t\t\t\t\t\t<div class=\"grid-item\">\r\n\t\t\t\t\t\t<div class=\"nuss-box\">\t\t<div class=\"nuss-image image\">\r\n\t\t\t<img decoding=\"async\"  src=\"https:\/\/yitelpremium.com\/wp-content\/uploads\/2025\/06\/Yitel-Premium-dining-24.webp\" alt=\"Restauration Yitel Premium (24)\" \/>\t\t<\/div>\r\n\t\t\t\t<\/div>\t\t\t\t\t<\/div>\r\n\t\t\t\t\t\t<div class=\"grid-item\">\r\n\t\t\t\t\t\t<div class=\"nuss-box\">\t\t<div class=\"nuss-image image\">\r\n\t\t\t<img decoding=\"async\"  src=\"https:\/\/yitelpremium.com\/wp-content\/uploads\/2025\/06\/Yitel-Premium-dining-1.webp\" alt=\"Restauration Yitel Premium (1)\" \/>\t\t<\/div>\r\n\t\t\t\t<\/div>\t\t\t\t\t<\/div>\r\n\t\t\t\t\t\t<div class=\"grid-item\">\r\n\t\t\t\t\t\t<div class=\"nuss-box\">\t\t<div class=\"nuss-image image\">\r\n\t\t\t<img decoding=\"async\"  src=\"https:\/\/yitelpremium.com\/wp-content\/uploads\/2025\/06\/Yitel-Premium-dining-25.webp\" alt=\"Restauration Yitel Premium (25)\" \/>\t\t<\/div>\r\n\t\t\t\t<\/div>\t\t\t\t\t<\/div>\r\n\t\t\t\t\t\t<div class=\"grid-item\">\r\n\t\t\t\t\t\t<div class=\"nuss-box\">\t\t<div class=\"nuss-image image\">\r\n\t\t\t<img decoding=\"async\"  src=\"https:\/\/yitelpremium.com\/wp-content\/uploads\/2025\/06\/Yitel-Premium-dining-26.webp\" alt=\"Restauration Yitel Premium (26)\" \/>\t\t<\/div>\r\n\t\t\t\t<\/div>\t\t\t\t\t<\/div>\r\n\t\t\t\t\t\t<div class=\"grid-item\">\r\n\t\t\t\t\t\t<div class=\"nuss-box\">\t\t<div class=\"nuss-image image\">\r\n\t\t\t<img decoding=\"async\"  src=\"https:\/\/yitelpremium.com\/wp-content\/uploads\/2025\/06\/Yitel-Premium-dining-27.webp\" alt=\"Restauration Yitel Premium (27)\" \/>\t\t<\/div>\r\n\t\t\t\t<\/div>\t\t\t\t\t<\/div>\r\n\t\t\t\t\t\t<div class=\"grid-item\">\r\n\t\t\t\t\t\t<div class=\"nuss-box\">\t\t<div class=\"nuss-image image\">\r\n\t\t\t<img decoding=\"async\"  src=\"https:\/\/yitelpremium.com\/wp-content\/uploads\/2025\/06\/Yitel-Premium-dining-28.webp\" alt=\"Restauration Yitel Premium (28)\" \/>\t\t<\/div>\r\n\t\t\t\t<\/div>\t\t\t\t\t<\/div>\r\n\t\t\t\t\t\t<div class=\"grid-item\">\r\n\t\t\t\t\t\t<div class=\"nuss-box\">\t\t<div class=\"nuss-image image\">\r\n\t\t\t<img decoding=\"async\"  src=\"https:\/\/yitelpremium.com\/wp-content\/uploads\/2025\/06\/Yitel-Premium-dining-29.webp\" alt=\"Restauration Yitel Premium (29)\" \/>\t\t<\/div>\r\n\t\t\t\t<\/div>\t\t\t\t\t<\/div>\r\n\t\t\t\t\t\t<div class=\"grid-item\">\r\n\t\t\t\t\t\t<div class=\"nuss-box\">\t\t<div class=\"nuss-image image\">\r\n\t\t\t<img decoding=\"async\"  src=\"https:\/\/yitelpremium.com\/wp-content\/uploads\/2025\/06\/Yitel-Premium-dining-30.webp\" alt=\"Restauration Yitel Premium (30)\" \/>\t\t<\/div>\r\n\t\t\t\t<\/div>\t\t\t\t\t<\/div>\r\n\t\t\t\t\t\t<div class=\"grid-item\">\r\n\t\t\t\t\t\t<div class=\"nuss-box\">\t\t<div class=\"nuss-image image\">\r\n\t\t\t<img decoding=\"async\"  src=\"https:\/\/yitelpremium.com\/wp-content\/uploads\/2025\/06\/Yitel-Premium-dining-31.webp\" alt=\"Restauration Yitel Premium (31)\" \/>\t\t<\/div>\r\n\t\t\t\t<\/div>\t\t\t\t\t<\/div>\r\n\t\t\t\t\t\t<div class=\"grid-item\">\r\n\t\t\t\t\t\t<div class=\"nuss-box\">\t\t<div class=\"nuss-image image\">\r\n\t\t\t<img decoding=\"async\"  src=\"https:\/\/yitelpremium.com\/wp-content\/uploads\/2025\/06\/Yitel-Premium-dining-32.webp\" alt=\"Restauration Yitel Premium (32)\" \/>\t\t<\/div>\r\n\t\t\t\t<\/div>\t\t\t\t\t<\/div>\r\n\t\t\t\t\t\t<div class=\"grid-item\">\r\n\t\t\t\t\t\t<div class=\"nuss-box\">\t\t<div class=\"nuss-image image\">\r\n\t\t\t<img decoding=\"async\"  src=\"https:\/\/yitelpremium.com\/wp-content\/uploads\/2025\/06\/Yitel-Premium-dining-33.webp\" alt=\"Restauration Yitel Premium (33)\" \/>\t\t<\/div>\r\n\t\t\t\t<\/div>\t\t\t\t\t<\/div>\r\n\t\t\t\t\t\t<div class=\"grid-item\">\r\n\t\t\t\t\t\t<div class=\"nuss-box\">\t\t<div class=\"nuss-image image\">\r\n\t\t\t<img decoding=\"async\"  src=\"https:\/\/yitelpremium.com\/wp-content\/uploads\/2025\/06\/Yitel-Premium-dining-34.webp\" alt=\"Restauration Yitel Premium (34)\" \/>\t\t<\/div>\r\n\t\t\t\t<\/div>\t\t\t\t\t<\/div>\r\n\t\t\t\t\t\t<div class=\"grid-item\">\r\n\t\t\t\t\t\t<div class=\"nuss-box\">\t\t<div class=\"nuss-image image\">\r\n\t\t\t<img decoding=\"async\"  src=\"https:\/\/yitelpremium.com\/wp-content\/uploads\/2025\/06\/Yitel-Premium-dining-35.webp\" alt=\"Restauration Yitel Premium (35)\" \/>\t\t<\/div>\r\n\t\t\t\t<\/div>\t\t\t\t\t<\/div>\r\n\t\t\t\t\t\t\t\r\n\t\t\t<\/div>\r\n\t\t<\/div>\r\n\t\t\t\t\t\t<\/div>\n\t\t\t\t<\/div>\n\t\t\t\t\t<\/div>\n\t\t\t\t<\/div>\n\t\t\t\t<\/div>","protected":false},"excerpt":{"rendered":"<p>Welcome to the exquisite dining experience at The Yitel Premium Hotel, located in the heart of Shanghai near the iconic People\u2019s Square and the bustling Nanjing Road Pedestrian Street. Our in-house restaurant is a hidden gem, offering a culinary journey that perfectly complements the vibrant energy of this world-class city. Whether you\u2019re a traveler exploring [&hellip;]<\/p>\n","protected":false},"author":1,"featured_media":0,"parent":0,"menu_order":0,"comment_status":"closed","ping_status":"closed","template":"elementor_header_footer","meta":{"footnotes":""},"class_list":["post-612","page","type-page","status-publish","hentry","post-no-thumbnail"],"_links":{"self":[{"href":"https:\/\/yitelpremium.com\/fr\/wp-json\/wp\/v2\/pages\/612","targetHints":{"allow":["GET"]}}],"collection":[{"href":"https:\/\/yitelpremium.com\/fr\/wp-json\/wp\/v2\/pages"}],"about":[{"href":"https:\/\/yitelpremium.com\/fr\/wp-json\/wp\/v2\/types\/page"}],"author":[{"embeddable":true,"href":"https:\/\/yitelpremium.com\/fr\/wp-json\/wp\/v2\/users\/1"}],"replies":[{"embeddable":true,"href":"https:\/\/yitelpremium.com\/fr\/wp-json\/wp\/v2\/comments?post=612"}],"version-history":[{"count":0,"href":"https:\/\/yitelpremium.com\/fr\/wp-json\/wp\/v2\/pages\/612\/revisions"}],"wp:attachment":[{"href":"https:\/\/yitelpremium.com\/fr\/wp-json\/wp\/v2\/media?parent=612"}],"curies":[{"name":"wp","href":"https:\/\/api.w.org\/{rel}","templated":true}]}}