{"id":5266,"date":"2021-07-18T08:03:35","date_gmt":"2021-07-18T08:03:35","guid":{"rendered":"https:\/\/nuss.uxper.co\/luxury-resort\/?page_id=5266"},"modified":"2025-12-04T13:57:11","modified_gmt":"2025-12-04T13:57:11","slug":"a-propos-de-nous","status":"publish","type":"page","link":"https:\/\/yitelpremium.com\/fr\/about-us\/","title":{"rendered":"\u00c0 propos de nous"},"content":{"rendered":"<div data-elementor-type=\"wp-page\" data-elementor-id=\"5266\" class=\"elementor elementor-5266\">\n\t\t\t\t\t\t<section class=\"elementor-section elementor-top-section elementor-element elementor-element-10416953 elementor-section-boxed elementor-section-gap-beside-yes elementor-section-height-default elementor-section-height-default elementor-section-column-vertical-align-stretch\" data-id=\"10416953\" data-element_type=\"section\" data-e-type=\"section\">\n\t\t\t\t\t\t<div class=\"elementor-container elementor-column-gap-extended\">\n\t\t\t\t\t<div class=\"elementor-column elementor-col-100 elementor-top-column elementor-element elementor-element-29c6aa8\" data-id=\"29c6aa8\" data-element_type=\"column\" data-e-type=\"column\">\n\t\t\t<div class=\"elementor-widget-wrap elementor-element-populated\">\n\t\t\t\t\t\t<div class=\"elementor-element elementor-element-7be18fe7 elementor-widget__width-initial elementor-invisible elementor-widget elementor-widget-text-editor\" data-id=\"7be18fe7\" data-element_type=\"widget\" data-e-type=\"widget\" data-settings=\"{&quot;_animation&quot;:&quot;nussFadeInUp&quot;}\" data-widget_type=\"text-editor.default\">\n\t\t\t\t<div class=\"elementor-widget-container\">\n\t\t\t\t\t\t\t\t\t<p>Bienvenue au Yitel Premium, un havre de luxe et de confort raffin\u00e9 nich\u00e9 au c\u0153ur du paysage urbain anim\u00e9 de Shanghai, entre l&#039;embl\u00e9matique Place du Peuple et la rue pi\u00e9tonne Nanjing Road. Notre h\u00f4tel est bien plus qu&#039;un simple lieu de s\u00e9jour\u00a0: c&#039;est une porte d&#039;entr\u00e9e vers l&#039;\u00e9nergie dynamique, la richesse culturelle et le charme incomparable de l&#039;une des villes les plus captivantes de Chine. Id\u00e9alement situ\u00e9 pour les voyageurs d&#039;affaires comme de loisirs, le Yitel Premium allie modernit\u00e9, raffinement, service personnalis\u00e9 et emplacement privil\u00e9gi\u00e9, pour un s\u00e9jour exceptionnel \u00e0 chaque instant.<\/p>\t\t\t\t\t\t\t\t<\/div>\n\t\t\t\t<\/div>\n\t\t\t\t\t<\/div>\n\t\t<\/div>\n\t\t\t\t\t<\/div>\n\t\t<\/section>\n\t\t\t\t<section class=\"elementor-section elementor-top-section elementor-element elementor-element-7d18327f elementor-section-boxed elementor-section-gap-beside-yes elementor-section-height-default elementor-section-height-default elementor-section-column-vertical-align-stretch\" data-id=\"7d18327f\" data-element_type=\"section\" data-e-type=\"section\">\n\t\t\t\t\t\t<div class=\"elementor-container elementor-column-gap-extended\">\n\t\t\t\t\t<div class=\"elementor-column elementor-col-50 elementor-top-column elementor-element elementor-element-56533670\" data-id=\"56533670\" data-element_type=\"column\" data-e-type=\"column\">\n\t\t\t<div class=\"elementor-widget-wrap elementor-element-populated\">\n\t\t\t\t\t\t<div class=\"elementor-element elementor-element-19c3f543 elementor-invisible elementor-widget elementor-widget-text-editor\" data-id=\"19c3f543\" data-element_type=\"widget\" data-e-type=\"widget\" data-settings=\"{&quot;_animation&quot;:&quot;nussFadeInUp&quot;}\" data-widget_type=\"text-editor.default\">\n\t\t\t\t<div class=\"elementor-widget-container\">\n\t\t\t\t\t\t\t\t\t<p>Situ\u00e9 \u00e0 quelques pas de la rue pi\u00e9tonne anim\u00e9e de Nanjing Road, souvent consid\u00e9r\u00e9e comme le principal centre commercial et de divertissement de Shanghai, le Yitel Premium vous place au c\u0153ur d&#039;une infinit\u00e9 de possibilit\u00e9s. Que vous souhaitiez fl\u00e2ner dans les boutiques haut de gamme, savourer une cuisine locale authentique ou vous impr\u00e9gner des monuments historiques de la ville comme la Place du Peuple et le Bund, notre h\u00f4tel est le point de d\u00e9part id\u00e9al pour explorer tout ce qu&#039;il y a \u00e0 voir. Gr\u00e2ce \u00e0 un acc\u00e8s facile aux transports en commun et \u00e0 la proximit\u00e9 des principales lignes de m\u00e9tro, se d\u00e9placer dans le vaste paysage urbain de Shanghai n&#039;a jamais \u00e9t\u00e9 aussi simple.<\/p>\t\t\t\t\t\t\t\t<\/div>\n\t\t\t\t<\/div>\n\t\t\t\t\t<\/div>\n\t\t<\/div>\n\t\t\t\t<div class=\"elementor-column elementor-col-50 elementor-top-column elementor-element elementor-element-30f14127\" data-id=\"30f14127\" data-element_type=\"column\" data-e-type=\"column\">\n\t\t\t<div class=\"elementor-widget-wrap elementor-element-populated\">\n\t\t\t\t\t\t<div class=\"elementor-element elementor-element-5ef3530 elementor-widget elementor-widget-image\" data-id=\"5ef3530\" data-element_type=\"widget\" data-e-type=\"widget\" data-widget_type=\"image.default\">\n\t\t\t\t<div class=\"elementor-widget-container\">\n\t\t\t\t\t\t\t\t\t\t\t\t\t\t\t<img fetchpriority=\"high\" decoding=\"async\" width=\"1024\" height=\"683\" src=\"https:\/\/yitelpremium.com\/wp-content\/uploads\/2025\/06\/Yitel-Premium-1.jpg\" class=\"attachment-large size-large wp-image-5552\" alt=\"\" srcset=\"https:\/\/yitelpremium.com\/wp-content\/uploads\/2025\/06\/Yitel-Premium-1.jpg 1024w, https:\/\/yitelpremium.com\/wp-content\/uploads\/2025\/06\/Yitel-Premium-1-300x200.jpg 300w, https:\/\/yitelpremium.com\/wp-content\/uploads\/2025\/06\/Yitel-Premium-1-768x512.jpg 768w, https:\/\/yitelpremium.com\/wp-content\/uploads\/2025\/06\/Yitel-Premium-1-18x12.jpg 18w\" sizes=\"(max-width: 1024px) 100vw, 1024px\" \/>\t\t\t\t\t\t\t\t\t\t\t\t\t\t\t<\/div>\n\t\t\t\t<\/div>\n\t\t\t\t\t<\/div>\n\t\t<\/div>\n\t\t\t\t\t<\/div>\n\t\t<\/section>\n\t\t\t\t<section class=\"elementor-section elementor-top-section elementor-element elementor-element-29fb8578 elementor-section-height-min-height elementor-section-stretched elementor-section-full_width elementor-section-items-stretch elementor-section-height-default elementor-section-column-vertical-align-stretch\" data-id=\"29fb8578\" data-element_type=\"section\" data-e-type=\"section\" data-settings=\"{&quot;stretch_section&quot;:&quot;section-stretched&quot;}\">\n\t\t\t\t\t\t<div class=\"elementor-container elementor-column-gap-no\">\n\t\t\t\t\t<div class=\"elementor-column elementor-col-50 elementor-top-column elementor-element elementor-element-40ac270b\" data-id=\"40ac270b\" data-element_type=\"column\" data-e-type=\"column\">\n\t\t\t<div class=\"elementor-widget-wrap elementor-element-populated\">\n\t\t\t\t\t\t<div class=\"elementor-element elementor-element-20872773 elementor-widget__width-initial elementor-widget-mobile__width-inherit elementor-invisible nuss-elementor-loading nuss-slide-in-right elementor-widget elementor-widget-image\" data-id=\"20872773\" data-element_type=\"widget\" data-e-type=\"widget\" data-settings=\"{&quot;_animation&quot;:&quot;nussSlideInRight&quot;}\" data-widget_type=\"image.default\">\n\t\t\t\t<div class=\"elementor-widget-container\">\n\t\t\t\t\t\t\t\t\t\t\t\t\t\t\t<img decoding=\"async\" width=\"1024\" height=\"683\" src=\"https:\/\/yitelpremium.com\/wp-content\/uploads\/2025\/06\/Yitel-Premium-24.jpg\" class=\"attachment-full size-full wp-image-5575\" alt=\"\" srcset=\"https:\/\/yitelpremium.com\/wp-content\/uploads\/2025\/06\/Yitel-Premium-24.jpg 1024w, https:\/\/yitelpremium.com\/wp-content\/uploads\/2025\/06\/Yitel-Premium-24-300x200.jpg 300w, https:\/\/yitelpremium.com\/wp-content\/uploads\/2025\/06\/Yitel-Premium-24-768x512.jpg 768w, https:\/\/yitelpremium.com\/wp-content\/uploads\/2025\/06\/Yitel-Premium-24-18x12.jpg 18w\" sizes=\"(max-width: 1024px) 100vw, 1024px\" \/>\t\t\t\t\t\t\t\t\t\t\t\t\t\t\t<\/div>\n\t\t\t\t<\/div>\n\t\t\t\t\t<\/div>\n\t\t<\/div>\n\t\t\t\t<div class=\"elementor-column elementor-col-50 elementor-top-column elementor-element elementor-element-2dac103\" data-id=\"2dac103\" data-element_type=\"column\" data-e-type=\"column\">\n\t\t\t<div class=\"elementor-widget-wrap elementor-element-populated\">\n\t\t\t\t\t\t<div class=\"elementor-element elementor-element-6f1b8966 elementor-invisible elementor-widget elementor-widget-text-editor\" data-id=\"6f1b8966\" data-element_type=\"widget\" data-e-type=\"widget\" data-settings=\"{&quot;_animation&quot;:&quot;nussFadeInUp&quot;}\" data-widget_type=\"text-editor.default\">\n\t\t\t\t<div class=\"elementor-widget-container\">\n\t\t\t\t\t\t\t\t\t<p>Chez Yitel Premium (Shanghai People&#039;s Square Nanjing Road Pedestrian Street Shop), nous sommes fiers de red\u00e9finir l&#039;hospitalit\u00e9 avec un engagement envers l&#039;excellence. Nos chambres et suites soigneusement con\u00e7ues sont un v\u00e9ritable havre de confort, avec une d\u00e9coration contemporaine, des \u00e9quipements de pointe et une vue imprenable sur la ville. Chaque espace est con\u00e7u pour vous offrir une \u00e9vasion sereine loin de l&#039;agitation de Shanghai, vous assurant un r\u00e9veil frais et dispos, pr\u00eat \u00e0 affronter la journ\u00e9e. De la literie moelleuse au Wi-Fi haut d\u00e9bit, en passant par les articles de toilette haut de gamme et les divertissements en chambre, chaque d\u00e9tail est pens\u00e9 pour votre plus grande satisfaction.<\/p><p>Au-del\u00e0 de nos h\u00e9bergements luxueux, le Yitel Premium propose une gamme d&#039;installations de classe mondiale pour sublimer votre s\u00e9jour. Savourez les d\u00e9licieux plats de notre restaurant sur place, o\u00f9 une fusion de saveurs internationales et locales vous attend pour ravir vos papilles. Restez actif gr\u00e2ce \u00e0 notre centre de fitness moderne, ou d\u00e9tendez-vous apr\u00e8s une longue journ\u00e9e d&#039;exploration dans nos salons paisibles. Pour les voyageurs d&#039;affaires, nos salles de r\u00e9union enti\u00e8rement \u00e9quip\u00e9es et nos services professionnels d\u00e9di\u00e9s garantissent une productivit\u00e9 sans compromis.<\/p>\t\t\t\t\t\t\t\t<\/div>\n\t\t\t\t<\/div>\n\t\t\t\t\t<\/div>\n\t\t<\/div>\n\t\t\t\t\t<\/div>\n\t\t<\/section>\n\t\t\t\t<section class=\"elementor-section elementor-top-section elementor-element elementor-element-2ed7f63 elementor-section-height-min-height elementor-section-stretched elementor-section-full_width elementor-section-items-stretch elementor-section-height-default elementor-section-column-vertical-align-stretch\" data-id=\"2ed7f63\" data-element_type=\"section\" data-e-type=\"section\" data-settings=\"{&quot;stretch_section&quot;:&quot;section-stretched&quot;}\">\n\t\t\t\t\t\t<div class=\"elementor-container elementor-column-gap-no\">\n\t\t\t\t\t<div class=\"elementor-column elementor-col-50 elementor-top-column elementor-element elementor-element-cbf8852\" data-id=\"cbf8852\" data-element_type=\"column\" data-e-type=\"column\">\n\t\t\t<div class=\"elementor-widget-wrap elementor-element-populated\">\n\t\t\t\t\t\t<div class=\"elementor-element elementor-element-d8af4d8 elementor-invisible elementor-widget elementor-widget-text-editor\" data-id=\"d8af4d8\" data-element_type=\"widget\" data-e-type=\"widget\" data-settings=\"{&quot;_animation&quot;:&quot;nussFadeInUp&quot;}\" data-widget_type=\"text-editor.default\">\n\t\t\t\t<div class=\"elementor-widget-container\">\n\t\t\t\t\t\t\t\t\t<p>Ce qui distingue v\u00e9ritablement Yitel Premium, c&#039;est notre engagement constant \u00e0 offrir une exp\u00e9rience client personnalis\u00e9e. Notre \u00e9quipe accueillante et professionnelle est disponible 24h\/24 et 7j\/7 pour vous accompagner dans tous vos projets, des recommandations de voyage aux informations locales, en passant par des services de conciergerie sur mesure. Que vous soyez \u00e0 Shanghai pour un week-end, des vacances en famille ou un voyage d&#039;affaires, nous mettons tout en \u0153uvre pour rendre votre s\u00e9jour inoubliable et agr\u00e9able.<\/p><p>Choisir Yitel Premium (Shanghai People&#039;s Square Nanjing Road Pedestrian Street Shop) signifie choisir un s\u00e9jour alliant emplacement, luxe et saveurs locales. Plongez dans l&#039;atmosph\u00e8re vibrante de Nanjing Road, admirez les tr\u00e9sors culturels de la Place du Peuple et retrouvez un h\u00f4tel o\u00f9 vous vous sentirez comme chez vous, en mieux. R\u00e9servez d\u00e8s aujourd&#039;hui et vivez une aventure inoubliable \u00e0 Shanghai. Laissez Yitel Premium vous guider pour d\u00e9couvrir la magie de cette m\u00e9tropole de renomm\u00e9e mondiale, un instant d&#039;exception \u00e0 la fois.<\/p>\t\t\t\t\t\t\t\t<\/div>\n\t\t\t\t<\/div>\n\t\t\t\t\t<\/div>\n\t\t<\/div>\n\t\t\t\t<div class=\"elementor-column elementor-col-50 elementor-top-column elementor-element elementor-element-1a3446b\" data-id=\"1a3446b\" data-element_type=\"column\" data-e-type=\"column\">\n\t\t\t<div class=\"elementor-widget-wrap elementor-element-populated\">\n\t\t\t\t\t\t<div class=\"elementor-element elementor-element-0afea44 elementor-widget__width-initial elementor-widget-mobile__width-inherit elementor-invisible nuss-elementor-loading nuss-slide-in-right elementor-widget elementor-widget-image\" data-id=\"0afea44\" data-element_type=\"widget\" data-e-type=\"widget\" data-settings=\"{&quot;_animation&quot;:&quot;nussSlideInRight&quot;}\" data-widget_type=\"image.default\">\n\t\t\t\t<div class=\"elementor-widget-container\">\n\t\t\t\t\t\t\t\t\t\t\t\t\t\t\t<img decoding=\"async\" width=\"1024\" height=\"683\" src=\"https:\/\/yitelpremium.com\/wp-content\/uploads\/2025\/06\/Yitel-Premium-7.jpg\" class=\"attachment-full size-full wp-image-5558\" alt=\"\" srcset=\"https:\/\/yitelpremium.com\/wp-content\/uploads\/2025\/06\/Yitel-Premium-7.jpg 1024w, https:\/\/yitelpremium.com\/wp-content\/uploads\/2025\/06\/Yitel-Premium-7-300x200.jpg 300w, https:\/\/yitelpremium.com\/wp-content\/uploads\/2025\/06\/Yitel-Premium-7-768x512.jpg 768w, https:\/\/yitelpremium.com\/wp-content\/uploads\/2025\/06\/Yitel-Premium-7-18x12.jpg 18w\" sizes=\"(max-width: 1024px) 100vw, 1024px\" \/>\t\t\t\t\t\t\t\t\t\t\t\t\t\t\t<\/div>\n\t\t\t\t<\/div>\n\t\t\t\t\t<\/div>\n\t\t<\/div>\n\t\t\t\t\t<\/div>\n\t\t<\/section>\n\t\t\t\t<\/div>","protected":false},"excerpt":{"rendered":"<p>Welcome to Yitel Premium, an exquisite haven of luxury and convenience nestled in the heart of Shanghai\u2019s vibrant cityscape at the iconic People&#8217;s Square and Nanjing Road Pedestrian Street. Our hotel is more than just a place to stay\u2014it\u2019s a gateway to experiencing the dynamic energy, rich culture, and unmatched charm of one of China\u2019s [&hellip;]<\/p>\n","protected":false},"author":1,"featured_media":0,"parent":0,"menu_order":0,"comment_status":"closed","ping_status":"closed","template":"","meta":{"footnotes":""},"class_list":["post-5266","page","type-page","status-publish","hentry","post-no-thumbnail"],"_links":{"self":[{"href":"https:\/\/yitelpremium.com\/fr\/wp-json\/wp\/v2\/pages\/5266","targetHints":{"allow":["GET"]}}],"collection":[{"href":"https:\/\/yitelpremium.com\/fr\/wp-json\/wp\/v2\/pages"}],"about":[{"href":"https:\/\/yitelpremium.com\/fr\/wp-json\/wp\/v2\/types\/page"}],"author":[{"embeddable":true,"href":"https:\/\/yitelpremium.com\/fr\/wp-json\/wp\/v2\/users\/1"}],"replies":[{"embeddable":true,"href":"https:\/\/yitelpremium.com\/fr\/wp-json\/wp\/v2\/comments?post=5266"}],"version-history":[{"count":0,"href":"https:\/\/yitelpremium.com\/fr\/wp-json\/wp\/v2\/pages\/5266\/revisions"}],"wp:attachment":[{"href":"https:\/\/yitelpremium.com\/fr\/wp-json\/wp\/v2\/media?parent=5266"}],"curies":[{"name":"wp","href":"https:\/\/api.w.org\/{rel}","templated":true}]}}