{"id":612,"date":"2021-03-26T10:04:13","date_gmt":"2021-03-26T10:04:13","guid":{"rendered":"http:\/\/localhost\/nuss\/?page_id=612"},"modified":"2025-06-02T00:19:05","modified_gmt":"2025-06-02T00:19:05","slug":"restaurante","status":"publish","type":"page","link":"https:\/\/yitelpremium.com\/es\/restaurant\/","title":{"rendered":"Restaurante"},"content":{"rendered":"<div data-elementor-type=\"wp-page\" data-elementor-id=\"612\" class=\"elementor elementor-612\">\n\t\t\t\t\t\t<section class=\"elementor-section elementor-top-section elementor-element elementor-element-e2effe8 elementor-section-boxed elementor-section-gap-beside-yes elementor-section-height-default elementor-section-height-default elementor-section-column-vertical-align-stretch\" data-id=\"e2effe8\" data-element_type=\"section\" data-e-type=\"section\">\n\t\t\t\t\t\t<div class=\"elementor-container elementor-column-gap-extended\">\n\t\t\t\t\t<div class=\"elementor-column elementor-col-100 elementor-top-column elementor-element elementor-element-e18f688\" data-id=\"e18f688\" data-element_type=\"column\" data-e-type=\"column\">\n\t\t\t<div class=\"elementor-widget-wrap elementor-element-populated\">\n\t\t\t\t\t\t<div class=\"elementor-element elementor-element-6db146d elementor-widget__width-initial elementor-invisible elementor-widget elementor-widget-text-editor\" data-id=\"6db146d\" data-element_type=\"widget\" data-e-type=\"widget\" data-settings=\"{&quot;_animation&quot;:&quot;nussFadeInUp&quot;}\" data-widget_type=\"text-editor.default\">\n\t\t\t\t<div class=\"elementor-widget-container\">\n\t\t\t\t\t\t\t\t\t<p>Bienvenido a la exquisita experiencia gastron\u00f3mica en The Yitel Premium Hotel, ubicado en el coraz\u00f3n de Shanghai, cerca de la ic\u00f3nica Plaza del Pueblo y la bulliciosa calle peatonal Nanjing Road.<\/p>\t\t\t\t\t\t\t\t<\/div>\n\t\t\t\t<\/div>\n\t\t\t\t\t<\/div>\n\t\t<\/div>\n\t\t\t\t\t<\/div>\n\t\t<\/section>\n\t\t<div class=\"elementor-element elementor-element-fe212ce e-flex e-con-boxed e-con e-parent\" data-id=\"fe212ce\" data-element_type=\"container\" data-e-type=\"container\">\n\t\t\t\t\t<div class=\"e-con-inner\">\n\t\t<div class=\"elementor-element elementor-element-19a00ca e-con-full e-flex e-con e-child\" data-id=\"19a00ca\" data-element_type=\"container\" data-e-type=\"container\">\n\t\t\t\t<div class=\"elementor-element elementor-element-49e7ebd elementor-widget elementor-widget-text-editor\" data-id=\"49e7ebd\" data-element_type=\"widget\" data-e-type=\"widget\" data-widget_type=\"text-editor.default\">\n\t\t\t\t<div class=\"elementor-widget-container\">\n\t\t\t\t\t\t\t\t\t<p>Nuestro restaurante es una joya escondida, ofreciendo una experiencia culinaria que complementa a la perfecci\u00f3n la vibrante energ\u00eda de esta ciudad de clase mundial. Tanto si viaja explorando la rica cultura de Shangh\u00e1i como si es un local en busca de una comida inolvidable, nuestro restaurante le promete un ambiente sofisticado, sabores cautivadores y un servicio que deja una huella imborrable.<\/p>\t\t\t\t\t\t\t\t<\/div>\n\t\t\t\t<\/div>\n\t\t\t\t<\/div>\n\t\t<div class=\"elementor-element elementor-element-ccc99d9 e-con-full e-flex e-con e-child\" data-id=\"ccc99d9\" data-element_type=\"container\" data-e-type=\"container\">\n\t\t\t\t<div class=\"elementor-element elementor-element-9d99665 elementor-widget elementor-widget-image\" data-id=\"9d99665\" data-element_type=\"widget\" data-e-type=\"widget\" data-widget_type=\"image.default\">\n\t\t\t\t<div class=\"elementor-widget-container\">\n\t\t\t\t\t\t\t\t\t\t\t\t\t\t\t<img fetchpriority=\"high\" decoding=\"async\" width=\"853\" height=\"853\" src=\"https:\/\/yitelpremium.com\/wp-content\/uploads\/2025\/06\/dinning-01.webp\" class=\"attachment-large size-large wp-image-5654\" alt=\"\" srcset=\"https:\/\/yitelpremium.com\/wp-content\/uploads\/2025\/06\/dinning-01.webp 853w, https:\/\/yitelpremium.com\/wp-content\/uploads\/2025\/06\/dinning-01-300x300.webp 300w, https:\/\/yitelpremium.com\/wp-content\/uploads\/2025\/06\/dinning-01-150x150.webp 150w, https:\/\/yitelpremium.com\/wp-content\/uploads\/2025\/06\/dinning-01-768x768.webp 768w, https:\/\/yitelpremium.com\/wp-content\/uploads\/2025\/06\/dinning-01-12x12.webp 12w\" sizes=\"(max-width: 853px) 100vw, 853px\" \/>\t\t\t\t\t\t\t\t\t\t\t\t\t\t\t<\/div>\n\t\t\t\t<\/div>\n\t\t\t\t<\/div>\n\t\t\t\t\t<\/div>\n\t\t\t\t<\/div>\n\t\t<div class=\"elementor-element elementor-element-7442d31 e-flex e-con-boxed e-con e-parent\" data-id=\"7442d31\" data-element_type=\"container\" data-e-type=\"container\">\n\t\t\t\t\t<div class=\"e-con-inner\">\n\t\t<div class=\"elementor-element elementor-element-9a0cd9c e-con-full e-flex e-con e-child\" data-id=\"9a0cd9c\" data-element_type=\"container\" data-e-type=\"container\">\n\t\t\t\t<div class=\"elementor-element elementor-element-3fad5bb elementor-widget elementor-widget-image\" data-id=\"3fad5bb\" data-element_type=\"widget\" data-e-type=\"widget\" data-widget_type=\"image.default\">\n\t\t\t\t<div class=\"elementor-widget-container\">\n\t\t\t\t\t\t\t\t\t\t\t\t\t\t\t<img decoding=\"async\" width=\"1024\" height=\"683\" src=\"https:\/\/yitelpremium.com\/wp-content\/uploads\/2025\/06\/Yitel-Premium-7.jpg\" class=\"attachment-large size-large wp-image-5558\" alt=\"\" srcset=\"https:\/\/yitelpremium.com\/wp-content\/uploads\/2025\/06\/Yitel-Premium-7.jpg 1024w, https:\/\/yitelpremium.com\/wp-content\/uploads\/2025\/06\/Yitel-Premium-7-300x200.jpg 300w, https:\/\/yitelpremium.com\/wp-content\/uploads\/2025\/06\/Yitel-Premium-7-768x512.jpg 768w, https:\/\/yitelpremium.com\/wp-content\/uploads\/2025\/06\/Yitel-Premium-7-18x12.jpg 18w\" sizes=\"(max-width: 1024px) 100vw, 1024px\" \/>\t\t\t\t\t\t\t\t\t\t\t\t\t\t\t<\/div>\n\t\t\t\t<\/div>\n\t\t\t\t<\/div>\n\t\t<div class=\"elementor-element elementor-element-ae004a3 e-con-full e-flex e-con e-child\" data-id=\"ae004a3\" data-element_type=\"container\" data-e-type=\"container\">\n\t\t\t\t<div class=\"elementor-element elementor-element-3b42133 elementor-widget elementor-widget-text-editor\" data-id=\"3b42133\" data-element_type=\"widget\" data-e-type=\"widget\" data-widget_type=\"text-editor.default\">\n\t\t\t\t<div class=\"elementor-widget-container\">\n\t\t\t\t\t\t\t\t\t<p>En el Restaurante Yitel Premium, nos enorgullecemos de combinar la cocina tradicional china con la innovaci\u00f3n gastron\u00f3mica moderna. Nuestro men\u00fa est\u00e1 cuidadosamente seleccionado para mostrar lo mejor de los sabores locales de Shangh\u00e1i, junto con platos internacionales elaborados para satisfacer paladares diversos. Desde el delicado dim sum y el sabroso pato pekin\u00e9s hasta creaciones de fusi\u00f3n contempor\u00e1nea, cada plato se prepara con los ingredientes m\u00e1s frescos y una pasi\u00f3n por la perfecci\u00f3n. Nuestros chefs, maestros en su oficio, se inspiran en el din\u00e1mico entorno de la calle Nanjing, impregnando cada plato de creatividad y autenticidad.<\/p><p>Ubicado en las elegantes instalaciones del Hotel Yitel Premium, nuestro restaurante ofrece mucho m\u00e1s que una simple comida: es una experiencia. Su elegante decoraci\u00f3n, inspirada en la fusi\u00f3n de tradici\u00f3n y modernidad de Shangh\u00e1i, crea un ambiente c\u00e1lido y acogedor para reuniones familiares, cenas de negocios o veladas rom\u00e1nticas. Los ventanales ofrecen impresionantes vistas de la animada Plaza del Pueblo, permiti\u00e9ndole sumergirse en el encanto de la ciudad mientras saborea cada bocado. Nuestro atento personal se dedica a garantizar que cada detalle de su experiencia gastron\u00f3mica sea impecable, haci\u00e9ndole sentir como en casa en medio del din\u00e1mico paisaje urbano de Shangh\u00e1i.<\/p>\t\t\t\t\t\t\t\t<\/div>\n\t\t\t\t<\/div>\n\t\t\t\t<\/div>\n\t\t\t\t\t<\/div>\n\t\t\t\t<\/div>\n\t\t<div class=\"elementor-element elementor-element-8b4548e e-flex e-con-boxed e-con e-parent\" data-id=\"8b4548e\" data-element_type=\"container\" data-e-type=\"container\">\n\t\t\t\t\t<div class=\"e-con-inner\">\n\t\t<div class=\"elementor-element elementor-element-b6b626f e-con-full e-flex e-con e-child\" data-id=\"b6b626f\" data-element_type=\"container\" data-e-type=\"container\">\n\t\t\t\t<div class=\"elementor-element elementor-element-8004a63 elementor-widget elementor-widget-text-editor\" data-id=\"8004a63\" data-element_type=\"widget\" data-e-type=\"widget\" data-widget_type=\"text-editor.default\">\n\t\t\t\t<div class=\"elementor-widget-container\">\n\t\t\t\t\t\t\t\t\t<p>Convenientemente ubicado cerca de la calle peatonal Nanjing Road, uno de los distritos comerciales m\u00e1s concurridos del mundo, nuestro restaurante es el lugar perfecto para disfrutar de una deliciosa comida despu\u00e9s de un d\u00eda de turismo. Ya sea que desee disfrutar de un abundante desayuno para empezar bien el d\u00eda, disfrutar de un almuerzo relajado entre visitas tur\u00edsticas o relajarse con una suntuosa cena, el Restaurante Yitel Premium satisface cualquier ocasi\u00f3n. Tambi\u00e9n ofrecemos men\u00fas exclusivos de temporada y promociones especiales, para que siempre encuentre algo nuevo que descubrir.<\/p><p>Para quienes se alojan en The Yitel Premium Hotel, nuestro restaurante es un lujo a\u00f1adido, ofreciendo la comodidad de una gastronom\u00eda de primera clase a solo unos pasos de su habitaci\u00f3n. Tanto hu\u00e9spedes como visitantes pueden aprovechar nuestros servicios de catering a medida para eventos, opciones de cenas privadas y planificaci\u00f3n de men\u00fas personalizados para que cualquier celebraci\u00f3n sea inolvidable. Nuestro compromiso con la sostenibilidad implica obtener ingredientes de forma responsable, apoyando a los agricultores locales y garantizando que cada plato refleje nuestra dedicaci\u00f3n a la calidad y al medio ambiente.<\/p><p>Acomp\u00e1\u00f1enos en el Restaurante Yitel Premium en la Plaza del Pueblo de Shangh\u00e1i para disfrutar de una experiencia gastron\u00f3mica inigualable que captura la esencia de esta vibrante ciudad. Perm\u00edtanos deleitar su paladar, despertar sus sentidos y crear recuerdos que perdurar\u00e1n mucho despu\u00e9s de su visita. Reserve su mesa hoy mismo y descubra por qu\u00e9 nuestro restaurante es una visita obligada para los amantes de la gastronom\u00eda en Shangh\u00e1i. Ya sea que busque el aut\u00e9ntico sabor de China o una aventura culinaria global, estamos aqu\u00ed para servirle con excelencia, una comida inolvidable a la vez.<\/p>\t\t\t\t\t\t\t\t<\/div>\n\t\t\t\t<\/div>\n\t\t\t\t<\/div>\n\t\t<div class=\"elementor-element elementor-element-9d5ce22 e-con-full e-flex e-con e-child\" data-id=\"9d5ce22\" data-element_type=\"container\" data-e-type=\"container\">\n\t\t\t\t<div class=\"elementor-element elementor-element-b51c66b elementor-widget elementor-widget-image\" data-id=\"b51c66b\" data-element_type=\"widget\" data-e-type=\"widget\" data-widget_type=\"image.default\">\n\t\t\t\t<div class=\"elementor-widget-container\">\n\t\t\t\t\t\t\t\t\t\t\t\t\t\t\t<img decoding=\"async\" width=\"568\" height=\"853\" src=\"https:\/\/yitelpremium.com\/wp-content\/uploads\/2025\/06\/Yitel-Premium-dining-19.webp\" class=\"attachment-large size-large wp-image-5679\" alt=\"\" srcset=\"https:\/\/yitelpremium.com\/wp-content\/uploads\/2025\/06\/Yitel-Premium-dining-19.webp 568w, https:\/\/yitelpremium.com\/wp-content\/uploads\/2025\/06\/Yitel-Premium-dining-19-200x300.webp 200w, https:\/\/yitelpremium.com\/wp-content\/uploads\/2025\/06\/Yitel-Premium-dining-19-8x12.webp 8w\" sizes=\"(max-width: 568px) 100vw, 568px\" \/>\t\t\t\t\t\t\t\t\t\t\t\t\t\t\t<\/div>\n\t\t\t\t<\/div>\n\t\t\t\t<\/div>\n\t\t\t\t\t<\/div>\n\t\t\t\t<\/div>\n\t\t<div class=\"elementor-element elementor-element-369213e e-flex e-con-boxed e-con e-parent\" data-id=\"369213e\" data-element_type=\"container\" data-e-type=\"container\">\n\t\t\t\t\t<div class=\"e-con-inner\">\n\t\t\t\t<div class=\"elementor-element elementor-element-d647005 elementor-widget elementor-widget-nuss-image-gallery\" data-id=\"d647005\" data-element_type=\"widget\" data-e-type=\"widget\" data-widget_type=\"nuss-image-gallery.default\">\n\t\t\t\t<div class=\"elementor-widget-container\">\n\t\t\t\t\t\t\t<div class=\"nuss-grid-wrapper\" data-grid=\"{&quot;type&quot;:&quot;grid&quot;,&quot;ratio&quot;:null,&quot;columns&quot;:3,&quot;gutter&quot;:30}\">\r\n\t\t\t<div class=\"nuss-grid lazy-grid\">\r\n\t\t\t\t<div class=\"grid-sizer\"><\/div>\r\n\r\n\t\t\t\t\t\t\t\t\t\t\t\t<div class=\"grid-item\">\r\n\t\t\t\t\t\t<div class=\"nuss-box\">\t\t<div class=\"nuss-image image\">\r\n\t\t\t<img decoding=\"async\"  src=\"https:\/\/yitelpremium.com\/wp-content\/uploads\/2025\/06\/Yitel-Premium-dining-2.webp\" alt=\"Cenas premium en Yitel (2)\" \/>\t\t<\/div>\r\n\t\t\t\t<\/div>\t\t\t\t\t<\/div>\r\n\t\t\t\t\t\t<div class=\"grid-item\">\r\n\t\t\t\t\t\t<div class=\"nuss-box\">\t\t<div class=\"nuss-image image\">\r\n\t\t\t<img decoding=\"async\"  src=\"https:\/\/yitelpremium.com\/wp-content\/uploads\/2025\/06\/Yitel-Premium-dining-3.webp\" alt=\"Restaurantes Yitel Premium (3)\" \/>\t\t<\/div>\r\n\t\t\t\t<\/div>\t\t\t\t\t<\/div>\r\n\t\t\t\t\t\t<div class=\"grid-item\">\r\n\t\t\t\t\t\t<div class=\"nuss-box\">\t\t<div class=\"nuss-image image\">\r\n\t\t\t<img decoding=\"async\"  src=\"https:\/\/yitelpremium.com\/wp-content\/uploads\/2025\/06\/Yitel-Premium-dining-4.webp\" alt=\"Restaurantes Yitel Premium (4)\" \/>\t\t<\/div>\r\n\t\t\t\t<\/div>\t\t\t\t\t<\/div>\r\n\t\t\t\t\t\t<div class=\"grid-item\">\r\n\t\t\t\t\t\t<div class=\"nuss-box\">\t\t<div class=\"nuss-image image\">\r\n\t\t\t<img decoding=\"async\"  src=\"https:\/\/yitelpremium.com\/wp-content\/uploads\/2025\/06\/Yitel-Premium-dining-5.webp\" alt=\"Restaurantes Yitel Premium (5)\" \/>\t\t<\/div>\r\n\t\t\t\t<\/div>\t\t\t\t\t<\/div>\r\n\t\t\t\t\t\t<div class=\"grid-item\">\r\n\t\t\t\t\t\t<div class=\"nuss-box\">\t\t<div class=\"nuss-image image\">\r\n\t\t\t<img decoding=\"async\"  src=\"https:\/\/yitelpremium.com\/wp-content\/uploads\/2025\/06\/Yitel-Premium-dining-6.webp\" alt=\"Restaurantes Yitel Premium (6)\" \/>\t\t<\/div>\r\n\t\t\t\t<\/div>\t\t\t\t\t<\/div>\r\n\t\t\t\t\t\t<div class=\"grid-item\">\r\n\t\t\t\t\t\t<div class=\"nuss-box\">\t\t<div class=\"nuss-image image\">\r\n\t\t\t<img decoding=\"async\"  src=\"https:\/\/yitelpremium.com\/wp-content\/uploads\/2025\/06\/Yitel-Premium-dining-7.webp\" alt=\"Restaurantes Yitel Premium (7)\" \/>\t\t<\/div>\r\n\t\t\t\t<\/div>\t\t\t\t\t<\/div>\r\n\t\t\t\t\t\t<div class=\"grid-item\">\r\n\t\t\t\t\t\t<div class=\"nuss-box\">\t\t<div class=\"nuss-image image\">\r\n\t\t\t<img decoding=\"async\"  src=\"https:\/\/yitelpremium.com\/wp-content\/uploads\/2025\/06\/Yitel-Premium-dining-8.webp\" alt=\"Restaurantes Yitel Premium (8)\" \/>\t\t<\/div>\r\n\t\t\t\t<\/div>\t\t\t\t\t<\/div>\r\n\t\t\t\t\t\t<div class=\"grid-item\">\r\n\t\t\t\t\t\t<div class=\"nuss-box\">\t\t<div class=\"nuss-image image\">\r\n\t\t\t<img decoding=\"async\"  src=\"https:\/\/yitelpremium.com\/wp-content\/uploads\/2025\/06\/Yitel-Premium-dining-9.webp\" alt=\"Restaurantes Yitel Premium (9)\" \/>\t\t<\/div>\r\n\t\t\t\t<\/div>\t\t\t\t\t<\/div>\r\n\t\t\t\t\t\t<div class=\"grid-item\">\r\n\t\t\t\t\t\t<div class=\"nuss-box\">\t\t<div class=\"nuss-image image\">\r\n\t\t\t<img decoding=\"async\"  src=\"https:\/\/yitelpremium.com\/wp-content\/uploads\/2025\/06\/Yitel-Premium-dining-10.webp\" alt=\"Restaurantes Yitel Premium (10)\" \/>\t\t<\/div>\r\n\t\t\t\t<\/div>\t\t\t\t\t<\/div>\r\n\t\t\t\t\t\t<div class=\"grid-item\">\r\n\t\t\t\t\t\t<div class=\"nuss-box\">\t\t<div class=\"nuss-image image\">\r\n\t\t\t<img decoding=\"async\"  src=\"https:\/\/yitelpremium.com\/wp-content\/uploads\/2025\/06\/Yitel-Premium-dining-11.webp\" alt=\"Restaurantes Yitel Premium (11)\" \/>\t\t<\/div>\r\n\t\t\t\t<\/div>\t\t\t\t\t<\/div>\r\n\t\t\t\t\t\t<div class=\"grid-item\">\r\n\t\t\t\t\t\t<div class=\"nuss-box\">\t\t<div class=\"nuss-image image\">\r\n\t\t\t<img decoding=\"async\"  src=\"https:\/\/yitelpremium.com\/wp-content\/uploads\/2025\/06\/Yitel-Premium-dining-12.webp\" alt=\"Cenas premium en Yitel (12)\" \/>\t\t<\/div>\r\n\t\t\t\t<\/div>\t\t\t\t\t<\/div>\r\n\t\t\t\t\t\t<div class=\"grid-item\">\r\n\t\t\t\t\t\t<div class=\"nuss-box\">\t\t<div class=\"nuss-image image\">\r\n\t\t\t<img decoding=\"async\"  src=\"https:\/\/yitelpremium.com\/wp-content\/uploads\/2025\/06\/Yitel-Premium-dining-13.webp\" alt=\"Restaurantes premium de Yitel (13)\" \/>\t\t<\/div>\r\n\t\t\t\t<\/div>\t\t\t\t\t<\/div>\r\n\t\t\t\t\t\t<div class=\"grid-item\">\r\n\t\t\t\t\t\t<div class=\"nuss-box\">\t\t<div class=\"nuss-image image\">\r\n\t\t\t<img decoding=\"async\"  src=\"https:\/\/yitelpremium.com\/wp-content\/uploads\/2025\/06\/Yitel-Premium-dining-14.webp\" alt=\"Restaurantes premium de Yitel (14)\" \/>\t\t<\/div>\r\n\t\t\t\t<\/div>\t\t\t\t\t<\/div>\r\n\t\t\t\t\t\t<div class=\"grid-item\">\r\n\t\t\t\t\t\t<div class=\"nuss-box\">\t\t<div class=\"nuss-image image\">\r\n\t\t\t<img decoding=\"async\"  src=\"https:\/\/yitelpremium.com\/wp-content\/uploads\/2025\/06\/Yitel-Premium-dining-15.webp\" alt=\"Restaurantes Yitel Premium (15)\" \/>\t\t<\/div>\r\n\t\t\t\t<\/div>\t\t\t\t\t<\/div>\r\n\t\t\t\t\t\t<div class=\"grid-item\">\r\n\t\t\t\t\t\t<div class=\"nuss-box\">\t\t<div class=\"nuss-image image\">\r\n\t\t\t<img decoding=\"async\"  src=\"https:\/\/yitelpremium.com\/wp-content\/uploads\/2025\/06\/Yitel-Premium-dining-17.webp\" alt=\"Restaurantes premium de Yitel (17)\" \/>\t\t<\/div>\r\n\t\t\t\t<\/div>\t\t\t\t\t<\/div>\r\n\t\t\t\t\t\t<div class=\"grid-item\">\r\n\t\t\t\t\t\t<div class=\"nuss-box\">\t\t<div class=\"nuss-image image\">\r\n\t\t\t<img decoding=\"async\"  src=\"https:\/\/yitelpremium.com\/wp-content\/uploads\/2025\/06\/Yitel-Premium-dining-18.webp\" alt=\"Restaurantes Yitel Premium (18)\" \/>\t\t<\/div>\r\n\t\t\t\t<\/div>\t\t\t\t\t<\/div>\r\n\t\t\t\t\t\t<div class=\"grid-item\">\r\n\t\t\t\t\t\t<div class=\"nuss-box\">\t\t<div class=\"nuss-image image\">\r\n\t\t\t<img decoding=\"async\"  src=\"https:\/\/yitelpremium.com\/wp-content\/uploads\/2025\/06\/Yitel-Premium-dining-20.webp\" alt=\"Cenas premium en Yitel (20)\" \/>\t\t<\/div>\r\n\t\t\t\t<\/div>\t\t\t\t\t<\/div>\r\n\t\t\t\t\t\t<div class=\"grid-item\">\r\n\t\t\t\t\t\t<div class=\"nuss-box\">\t\t<div class=\"nuss-image image\">\r\n\t\t\t<img decoding=\"async\"  src=\"https:\/\/yitelpremium.com\/wp-content\/uploads\/2025\/06\/Yitel-Premium-dining-22.webp\" alt=\"Restaurantes Yitel Premium (22)\" \/>\t\t<\/div>\r\n\t\t\t\t<\/div>\t\t\t\t\t<\/div>\r\n\t\t\t\t\t\t<div class=\"grid-item\">\r\n\t\t\t\t\t\t<div class=\"nuss-box\">\t\t<div class=\"nuss-image image\">\r\n\t\t\t<img decoding=\"async\"  src=\"https:\/\/yitelpremium.com\/wp-content\/uploads\/2025\/06\/Yitel-Premium-dining-23.webp\" alt=\"Restaurantes premium de Yitel (23)\" \/>\t\t<\/div>\r\n\t\t\t\t<\/div>\t\t\t\t\t<\/div>\r\n\t\t\t\t\t\t<div class=\"grid-item\">\r\n\t\t\t\t\t\t<div class=\"nuss-box\">\t\t<div class=\"nuss-image image\">\r\n\t\t\t<img decoding=\"async\"  src=\"https:\/\/yitelpremium.com\/wp-content\/uploads\/2025\/06\/Yitel-Premium-dining-24.webp\" alt=\"Cenas premium en Yitel (24)\" \/>\t\t<\/div>\r\n\t\t\t\t<\/div>\t\t\t\t\t<\/div>\r\n\t\t\t\t\t\t<div class=\"grid-item\">\r\n\t\t\t\t\t\t<div class=\"nuss-box\">\t\t<div class=\"nuss-image image\">\r\n\t\t\t<img decoding=\"async\"  src=\"https:\/\/yitelpremium.com\/wp-content\/uploads\/2025\/06\/Yitel-Premium-dining-1.webp\" alt=\"Restaurantes Yitel Premium (1)\" \/>\t\t<\/div>\r\n\t\t\t\t<\/div>\t\t\t\t\t<\/div>\r\n\t\t\t\t\t\t<div class=\"grid-item\">\r\n\t\t\t\t\t\t<div class=\"nuss-box\">\t\t<div class=\"nuss-image image\">\r\n\t\t\t<img decoding=\"async\"  src=\"https:\/\/yitelpremium.com\/wp-content\/uploads\/2025\/06\/Yitel-Premium-dining-25.webp\" alt=\"Cenas premium en Yitel (25)\" \/>\t\t<\/div>\r\n\t\t\t\t<\/div>\t\t\t\t\t<\/div>\r\n\t\t\t\t\t\t<div class=\"grid-item\">\r\n\t\t\t\t\t\t<div class=\"nuss-box\">\t\t<div class=\"nuss-image image\">\r\n\t\t\t<img decoding=\"async\"  src=\"https:\/\/yitelpremium.com\/wp-content\/uploads\/2025\/06\/Yitel-Premium-dining-26.webp\" alt=\"Restaurantes Yitel Premium (26)\" \/>\t\t<\/div>\r\n\t\t\t\t<\/div>\t\t\t\t\t<\/div>\r\n\t\t\t\t\t\t<div class=\"grid-item\">\r\n\t\t\t\t\t\t<div class=\"nuss-box\">\t\t<div class=\"nuss-image image\">\r\n\t\t\t<img decoding=\"async\"  src=\"https:\/\/yitelpremium.com\/wp-content\/uploads\/2025\/06\/Yitel-Premium-dining-27.webp\" alt=\"Restaurantes premium de Yitel (27)\" \/>\t\t<\/div>\r\n\t\t\t\t<\/div>\t\t\t\t\t<\/div>\r\n\t\t\t\t\t\t<div class=\"grid-item\">\r\n\t\t\t\t\t\t<div class=\"nuss-box\">\t\t<div class=\"nuss-image image\">\r\n\t\t\t<img decoding=\"async\"  src=\"https:\/\/yitelpremium.com\/wp-content\/uploads\/2025\/06\/Yitel-Premium-dining-28.webp\" alt=\"Restaurantes Yitel Premium (28)\" \/>\t\t<\/div>\r\n\t\t\t\t<\/div>\t\t\t\t\t<\/div>\r\n\t\t\t\t\t\t<div class=\"grid-item\">\r\n\t\t\t\t\t\t<div class=\"nuss-box\">\t\t<div class=\"nuss-image image\">\r\n\t\t\t<img decoding=\"async\"  src=\"https:\/\/yitelpremium.com\/wp-content\/uploads\/2025\/06\/Yitel-Premium-dining-29.webp\" alt=\"Restaurantes Yitel Premium (29)\" \/>\t\t<\/div>\r\n\t\t\t\t<\/div>\t\t\t\t\t<\/div>\r\n\t\t\t\t\t\t<div class=\"grid-item\">\r\n\t\t\t\t\t\t<div class=\"nuss-box\">\t\t<div class=\"nuss-image image\">\r\n\t\t\t<img decoding=\"async\"  src=\"https:\/\/yitelpremium.com\/wp-content\/uploads\/2025\/06\/Yitel-Premium-dining-30.webp\" alt=\"Cenas premium en Yitel (30)\" \/>\t\t<\/div>\r\n\t\t\t\t<\/div>\t\t\t\t\t<\/div>\r\n\t\t\t\t\t\t<div class=\"grid-item\">\r\n\t\t\t\t\t\t<div class=\"nuss-box\">\t\t<div class=\"nuss-image image\">\r\n\t\t\t<img decoding=\"async\"  src=\"https:\/\/yitelpremium.com\/wp-content\/uploads\/2025\/06\/Yitel-Premium-dining-31.webp\" alt=\"Restaurantes premium de Yitel (31)\" \/>\t\t<\/div>\r\n\t\t\t\t<\/div>\t\t\t\t\t<\/div>\r\n\t\t\t\t\t\t<div class=\"grid-item\">\r\n\t\t\t\t\t\t<div class=\"nuss-box\">\t\t<div class=\"nuss-image image\">\r\n\t\t\t<img decoding=\"async\"  src=\"https:\/\/yitelpremium.com\/wp-content\/uploads\/2025\/06\/Yitel-Premium-dining-32.webp\" alt=\"Restaurantes Yitel Premium (32)\" \/>\t\t<\/div>\r\n\t\t\t\t<\/div>\t\t\t\t\t<\/div>\r\n\t\t\t\t\t\t<div class=\"grid-item\">\r\n\t\t\t\t\t\t<div class=\"nuss-box\">\t\t<div class=\"nuss-image image\">\r\n\t\t\t<img decoding=\"async\"  src=\"https:\/\/yitelpremium.com\/wp-content\/uploads\/2025\/06\/Yitel-Premium-dining-33.webp\" alt=\"Restaurantes premium de Yitel (33)\" \/>\t\t<\/div>\r\n\t\t\t\t<\/div>\t\t\t\t\t<\/div>\r\n\t\t\t\t\t\t<div class=\"grid-item\">\r\n\t\t\t\t\t\t<div class=\"nuss-box\">\t\t<div class=\"nuss-image image\">\r\n\t\t\t<img decoding=\"async\"  src=\"https:\/\/yitelpremium.com\/wp-content\/uploads\/2025\/06\/Yitel-Premium-dining-34.webp\" alt=\"Restaurantes premium de Yitel (34)\" \/>\t\t<\/div>\r\n\t\t\t\t<\/div>\t\t\t\t\t<\/div>\r\n\t\t\t\t\t\t<div class=\"grid-item\">\r\n\t\t\t\t\t\t<div class=\"nuss-box\">\t\t<div class=\"nuss-image image\">\r\n\t\t\t<img decoding=\"async\"  src=\"https:\/\/yitelpremium.com\/wp-content\/uploads\/2025\/06\/Yitel-Premium-dining-35.webp\" alt=\"Restaurantes Yitel Premium (35)\" \/>\t\t<\/div>\r\n\t\t\t\t<\/div>\t\t\t\t\t<\/div>\r\n\t\t\t\t\t\t\t\r\n\t\t\t<\/div>\r\n\t\t<\/div>\r\n\t\t\t\t\t\t<\/div>\n\t\t\t\t<\/div>\n\t\t\t\t\t<\/div>\n\t\t\t\t<\/div>\n\t\t\t\t<\/div>","protected":false},"excerpt":{"rendered":"<p>Welcome to the exquisite dining experience at The Yitel Premium Hotel, located in the heart of Shanghai near the iconic People\u2019s Square and the bustling Nanjing Road Pedestrian Street. Our in-house restaurant is a hidden gem, offering a culinary journey that perfectly complements the vibrant energy of this world-class city. Whether you\u2019re a traveler exploring [&hellip;]<\/p>\n","protected":false},"author":1,"featured_media":0,"parent":0,"menu_order":0,"comment_status":"closed","ping_status":"closed","template":"elementor_header_footer","meta":{"footnotes":""},"class_list":["post-612","page","type-page","status-publish","hentry","post-no-thumbnail"],"_links":{"self":[{"href":"https:\/\/yitelpremium.com\/es\/wp-json\/wp\/v2\/pages\/612","targetHints":{"allow":["GET"]}}],"collection":[{"href":"https:\/\/yitelpremium.com\/es\/wp-json\/wp\/v2\/pages"}],"about":[{"href":"https:\/\/yitelpremium.com\/es\/wp-json\/wp\/v2\/types\/page"}],"author":[{"embeddable":true,"href":"https:\/\/yitelpremium.com\/es\/wp-json\/wp\/v2\/users\/1"}],"replies":[{"embeddable":true,"href":"https:\/\/yitelpremium.com\/es\/wp-json\/wp\/v2\/comments?post=612"}],"version-history":[{"count":0,"href":"https:\/\/yitelpremium.com\/es\/wp-json\/wp\/v2\/pages\/612\/revisions"}],"wp:attachment":[{"href":"https:\/\/yitelpremium.com\/es\/wp-json\/wp\/v2\/media?parent=612"}],"curies":[{"name":"gracias","href":"https:\/\/api.w.org\/{rel}","templated":true}]}}