{"id":5266,"date":"2021-07-18T08:03:35","date_gmt":"2021-07-18T08:03:35","guid":{"rendered":"https:\/\/nuss.uxper.co\/luxury-resort\/?page_id=5266"},"modified":"2025-12-04T13:57:11","modified_gmt":"2025-12-04T13:57:11","slug":"sobre-nosotros","status":"publish","type":"page","link":"https:\/\/yitelpremium.com\/es\/about-us\/","title":{"rendered":"Sobre nosotros"},"content":{"rendered":"<div data-elementor-type=\"wp-page\" data-elementor-id=\"5266\" class=\"elementor elementor-5266\">\n\t\t\t\t\t\t<section class=\"elementor-section elementor-top-section elementor-element elementor-element-10416953 elementor-section-boxed elementor-section-gap-beside-yes elementor-section-height-default elementor-section-height-default elementor-section-column-vertical-align-stretch\" data-id=\"10416953\" data-element_type=\"section\" data-e-type=\"section\">\n\t\t\t\t\t\t<div class=\"elementor-container elementor-column-gap-extended\">\n\t\t\t\t\t<div class=\"elementor-column elementor-col-100 elementor-top-column elementor-element elementor-element-29c6aa8\" data-id=\"29c6aa8\" data-element_type=\"column\" data-e-type=\"column\">\n\t\t\t<div class=\"elementor-widget-wrap elementor-element-populated\">\n\t\t\t\t\t\t<div class=\"elementor-element elementor-element-7be18fe7 elementor-widget__width-initial elementor-invisible elementor-widget elementor-widget-text-editor\" data-id=\"7be18fe7\" data-element_type=\"widget\" data-e-type=\"widget\" data-settings=\"{&quot;_animation&quot;:&quot;nussFadeInUp&quot;}\" data-widget_type=\"text-editor.default\">\n\t\t\t\t<div class=\"elementor-widget-container\">\n\t\t\t\t\t\t\t\t\t<p>Bienvenido a Yitel Premium, un exquisito remanso de lujo y comodidad enclavado en el coraz\u00f3n del vibrante paisaje urbano de Shangh\u00e1i, en la ic\u00f3nica Plaza del Pueblo y la calle peatonal Nanjing Road. Nuestro hotel es m\u00e1s que un simple alojamiento: es la puerta de entrada para experimentar la energ\u00eda din\u00e1mica, la rica cultura y el encanto inigualable de una de las ciudades m\u00e1s cautivadoras de China. Con una ubicaci\u00f3n ideal tanto para viajeros de placer como de negocios, Yitel Premium ofrece una extraordinaria combinaci\u00f3n de sofisticaci\u00f3n moderna, servicio personalizado y una ubicaci\u00f3n privilegiada, garantizando que cada momento de su estancia sea excepcional.<\/p>\t\t\t\t\t\t\t\t<\/div>\n\t\t\t\t<\/div>\n\t\t\t\t\t<\/div>\n\t\t<\/div>\n\t\t\t\t\t<\/div>\n\t\t<\/section>\n\t\t\t\t<section class=\"elementor-section elementor-top-section elementor-element elementor-element-7d18327f elementor-section-boxed elementor-section-gap-beside-yes elementor-section-height-default elementor-section-height-default elementor-section-column-vertical-align-stretch\" data-id=\"7d18327f\" data-element_type=\"section\" data-e-type=\"section\">\n\t\t\t\t\t\t<div class=\"elementor-container elementor-column-gap-extended\">\n\t\t\t\t\t<div class=\"elementor-column elementor-col-50 elementor-top-column elementor-element elementor-element-56533670\" data-id=\"56533670\" data-element_type=\"column\" data-e-type=\"column\">\n\t\t\t<div class=\"elementor-widget-wrap elementor-element-populated\">\n\t\t\t\t\t\t<div class=\"elementor-element elementor-element-19c3f543 elementor-invisible elementor-widget elementor-widget-text-editor\" data-id=\"19c3f543\" data-element_type=\"widget\" data-e-type=\"widget\" data-settings=\"{&quot;_animation&quot;:&quot;nussFadeInUp&quot;}\" data-widget_type=\"text-editor.default\">\n\t\t\t\t<div class=\"elementor-widget-container\">\n\t\t\t\t\t\t\t\t\t<p>Situado a pocos pasos de la bulliciosa calle peatonal Nanjing Road, a menudo considerada el principal centro comercial y de ocio de Shangh\u00e1i, Yitel Premium le sit\u00faa en el epicentro de un sinf\u00edn de posibilidades. Ya sea paseando por boutiques de lujo, saboreando la aut\u00e9ntica gastronom\u00eda local o sumergi\u00e9ndose en los monumentos hist\u00f3ricos de la ciudad, como la cercana Plaza del Pueblo y el Bund, nuestro hotel es el punto de partida ideal para explorarlo todo. Con f\u00e1cil acceso al transporte p\u00fablico, incluyendo la proximidad a las principales l\u00edneas de metro, explorar el extenso paisaje urbano de Shangh\u00e1i nunca ha sido tan f\u00e1cil.<\/p>\t\t\t\t\t\t\t\t<\/div>\n\t\t\t\t<\/div>\n\t\t\t\t\t<\/div>\n\t\t<\/div>\n\t\t\t\t<div class=\"elementor-column elementor-col-50 elementor-top-column elementor-element elementor-element-30f14127\" data-id=\"30f14127\" data-element_type=\"column\" data-e-type=\"column\">\n\t\t\t<div class=\"elementor-widget-wrap elementor-element-populated\">\n\t\t\t\t\t\t<div class=\"elementor-element elementor-element-5ef3530 elementor-widget elementor-widget-image\" data-id=\"5ef3530\" data-element_type=\"widget\" data-e-type=\"widget\" data-widget_type=\"image.default\">\n\t\t\t\t<div class=\"elementor-widget-container\">\n\t\t\t\t\t\t\t\t\t\t\t\t\t\t\t<img fetchpriority=\"high\" decoding=\"async\" width=\"1024\" height=\"683\" src=\"https:\/\/yitelpremium.com\/wp-content\/uploads\/2025\/06\/Yitel-Premium-1.jpg\" class=\"attachment-large size-large wp-image-5552\" alt=\"\" srcset=\"https:\/\/yitelpremium.com\/wp-content\/uploads\/2025\/06\/Yitel-Premium-1.jpg 1024w, https:\/\/yitelpremium.com\/wp-content\/uploads\/2025\/06\/Yitel-Premium-1-300x200.jpg 300w, https:\/\/yitelpremium.com\/wp-content\/uploads\/2025\/06\/Yitel-Premium-1-768x512.jpg 768w, https:\/\/yitelpremium.com\/wp-content\/uploads\/2025\/06\/Yitel-Premium-1-18x12.jpg 18w\" sizes=\"(max-width: 1024px) 100vw, 1024px\" \/>\t\t\t\t\t\t\t\t\t\t\t\t\t\t\t<\/div>\n\t\t\t\t<\/div>\n\t\t\t\t\t<\/div>\n\t\t<\/div>\n\t\t\t\t\t<\/div>\n\t\t<\/section>\n\t\t\t\t<section class=\"elementor-section elementor-top-section elementor-element elementor-element-29fb8578 elementor-section-height-min-height elementor-section-stretched elementor-section-full_width elementor-section-items-stretch elementor-section-height-default elementor-section-column-vertical-align-stretch\" data-id=\"29fb8578\" data-element_type=\"section\" data-e-type=\"section\" data-settings=\"{&quot;stretch_section&quot;:&quot;section-stretched&quot;}\">\n\t\t\t\t\t\t<div class=\"elementor-container elementor-column-gap-no\">\n\t\t\t\t\t<div class=\"elementor-column elementor-col-50 elementor-top-column elementor-element elementor-element-40ac270b\" data-id=\"40ac270b\" data-element_type=\"column\" data-e-type=\"column\">\n\t\t\t<div class=\"elementor-widget-wrap elementor-element-populated\">\n\t\t\t\t\t\t<div class=\"elementor-element elementor-element-20872773 elementor-widget__width-initial elementor-widget-mobile__width-inherit elementor-invisible nuss-elementor-loading nuss-slide-in-right elementor-widget elementor-widget-image\" data-id=\"20872773\" data-element_type=\"widget\" data-e-type=\"widget\" data-settings=\"{&quot;_animation&quot;:&quot;nussSlideInRight&quot;}\" data-widget_type=\"image.default\">\n\t\t\t\t<div class=\"elementor-widget-container\">\n\t\t\t\t\t\t\t\t\t\t\t\t\t\t\t<img decoding=\"async\" width=\"1024\" height=\"683\" src=\"https:\/\/yitelpremium.com\/wp-content\/uploads\/2025\/06\/Yitel-Premium-24.jpg\" class=\"attachment-full size-full wp-image-5575\" alt=\"\" srcset=\"https:\/\/yitelpremium.com\/wp-content\/uploads\/2025\/06\/Yitel-Premium-24.jpg 1024w, https:\/\/yitelpremium.com\/wp-content\/uploads\/2025\/06\/Yitel-Premium-24-300x200.jpg 300w, https:\/\/yitelpremium.com\/wp-content\/uploads\/2025\/06\/Yitel-Premium-24-768x512.jpg 768w, https:\/\/yitelpremium.com\/wp-content\/uploads\/2025\/06\/Yitel-Premium-24-18x12.jpg 18w\" sizes=\"(max-width: 1024px) 100vw, 1024px\" \/>\t\t\t\t\t\t\t\t\t\t\t\t\t\t\t<\/div>\n\t\t\t\t<\/div>\n\t\t\t\t\t<\/div>\n\t\t<\/div>\n\t\t\t\t<div class=\"elementor-column elementor-col-50 elementor-top-column elementor-element elementor-element-2dac103\" data-id=\"2dac103\" data-element_type=\"column\" data-e-type=\"column\">\n\t\t\t<div class=\"elementor-widget-wrap elementor-element-populated\">\n\t\t\t\t\t\t<div class=\"elementor-element elementor-element-6f1b8966 elementor-invisible elementor-widget elementor-widget-text-editor\" data-id=\"6f1b8966\" data-element_type=\"widget\" data-e-type=\"widget\" data-settings=\"{&quot;_animation&quot;:&quot;nussFadeInUp&quot;}\" data-widget_type=\"text-editor.default\">\n\t\t\t\t<div class=\"elementor-widget-container\">\n\t\t\t\t\t\t\t\t\t<p>En Yitel Premium (Shanghai People&#039;s Square Nanjing Road Pedestrian Street Shop), nos enorgullecemos de redefinir la hospitalidad con un compromiso con la excelencia. Nuestras habitaciones y suites, cuidadosamente dise\u00f1adas, son un santuario de confort, con decoraci\u00f3n contempor\u00e1nea, servicios de vanguardia y vistas impresionantes del horizonte de la ciudad. Cada espacio est\u00e1 dise\u00f1ado para brindar una escapada serena del bullicio de Shangh\u00e1i, asegur\u00e1ndose de que se despierte renovado y listo para afrontar el d\u00eda. Desde ropa de cama de lujo y wifi de alta velocidad hasta art\u00edculos de tocador premium y entretenimiento en la habitaci\u00f3n, cada detalle est\u00e1 pensado para su m\u00e1xima satisfacci\u00f3n.<\/p><p>Adem\u00e1s de nuestro lujoso alojamiento, Yitel Premium ofrece una variedad de instalaciones de primera clase para que su estancia sea a\u00fan mejor. Disfrute de exquisitas opciones gastron\u00f3micas en nuestro restaurante, donde una fusi\u00f3n de sabores internacionales y locales le espera para deleitar su paladar. Mant\u00e9ngase activo con acceso a nuestro moderno gimnasio o rel\u00e1jese despu\u00e9s de un largo d\u00eda explorando en nuestras tranquilas salas de estar. Para los viajeros de negocios, nuestras salas de reuniones totalmente equipadas y nuestros servicios empresariales especializados garantizan una productividad sin compromisos.<\/p>\t\t\t\t\t\t\t\t<\/div>\n\t\t\t\t<\/div>\n\t\t\t\t\t<\/div>\n\t\t<\/div>\n\t\t\t\t\t<\/div>\n\t\t<\/section>\n\t\t\t\t<section class=\"elementor-section elementor-top-section elementor-element elementor-element-2ed7f63 elementor-section-height-min-height elementor-section-stretched elementor-section-full_width elementor-section-items-stretch elementor-section-height-default elementor-section-column-vertical-align-stretch\" data-id=\"2ed7f63\" data-element_type=\"section\" data-e-type=\"section\" data-settings=\"{&quot;stretch_section&quot;:&quot;section-stretched&quot;}\">\n\t\t\t\t\t\t<div class=\"elementor-container elementor-column-gap-no\">\n\t\t\t\t\t<div class=\"elementor-column elementor-col-50 elementor-top-column elementor-element elementor-element-cbf8852\" data-id=\"cbf8852\" data-element_type=\"column\" data-e-type=\"column\">\n\t\t\t<div class=\"elementor-widget-wrap elementor-element-populated\">\n\t\t\t\t\t\t<div class=\"elementor-element elementor-element-d8af4d8 elementor-invisible elementor-widget elementor-widget-text-editor\" data-id=\"d8af4d8\" data-element_type=\"widget\" data-e-type=\"widget\" data-settings=\"{&quot;_animation&quot;:&quot;nussFadeInUp&quot;}\" data-widget_type=\"text-editor.default\">\n\t\t\t\t<div class=\"elementor-widget-container\">\n\t\t\t\t\t\t\t\t\t<p>Lo que realmente distingue a Yitel Premium es nuestra dedicaci\u00f3n inquebrantable a la experiencia personalizada de nuestros hu\u00e9spedes. Nuestro amable y profesional personal est\u00e1 disponible las 24 horas para ayudarle con todo, desde recomendaciones de viaje y consejos locales hasta servicios de conserjer\u00eda personalizados. Ya sea que visite Shangh\u00e1i para una escapada de fin de semana, unas vacaciones familiares o un viaje de negocios, nos esforzamos al m\u00e1ximo para que su estancia sea memorable y sin contratiempos.<\/p><p>Elegir Yitel Premium (Shanghai People&#039;s Square Nanjing Road Pedestrian Street Shop) significa elegir una estancia que combina lo mejor de la ubicaci\u00f3n, el lujo y el sabor local. Sum\u00e9rjase en la vibrante atm\u00f3sfera de Nanjing Road, marav\u00edllese con los tesoros culturales de la Plaza del Pueblo y rel\u00e1jese en un hotel que le har\u00e1 sentirse como en casa, solo que mejor. Reserve su estancia con nosotros hoy mismo y abra las puertas a una aventura inolvidable en Shangh\u00e1i. Deje que Yitel Premium sea su gu\u00eda para descubrir la magia de esta metr\u00f3polis de clase mundial, un momento extraordinario a la vez.<\/p>\t\t\t\t\t\t\t\t<\/div>\n\t\t\t\t<\/div>\n\t\t\t\t\t<\/div>\n\t\t<\/div>\n\t\t\t\t<div class=\"elementor-column elementor-col-50 elementor-top-column elementor-element elementor-element-1a3446b\" data-id=\"1a3446b\" data-element_type=\"column\" data-e-type=\"column\">\n\t\t\t<div class=\"elementor-widget-wrap elementor-element-populated\">\n\t\t\t\t\t\t<div class=\"elementor-element elementor-element-0afea44 elementor-widget__width-initial elementor-widget-mobile__width-inherit elementor-invisible nuss-elementor-loading nuss-slide-in-right elementor-widget elementor-widget-image\" data-id=\"0afea44\" data-element_type=\"widget\" data-e-type=\"widget\" data-settings=\"{&quot;_animation&quot;:&quot;nussSlideInRight&quot;}\" data-widget_type=\"image.default\">\n\t\t\t\t<div class=\"elementor-widget-container\">\n\t\t\t\t\t\t\t\t\t\t\t\t\t\t\t<img decoding=\"async\" width=\"1024\" height=\"683\" src=\"https:\/\/yitelpremium.com\/wp-content\/uploads\/2025\/06\/Yitel-Premium-7.jpg\" class=\"attachment-full size-full wp-image-5558\" alt=\"\" srcset=\"https:\/\/yitelpremium.com\/wp-content\/uploads\/2025\/06\/Yitel-Premium-7.jpg 1024w, https:\/\/yitelpremium.com\/wp-content\/uploads\/2025\/06\/Yitel-Premium-7-300x200.jpg 300w, https:\/\/yitelpremium.com\/wp-content\/uploads\/2025\/06\/Yitel-Premium-7-768x512.jpg 768w, https:\/\/yitelpremium.com\/wp-content\/uploads\/2025\/06\/Yitel-Premium-7-18x12.jpg 18w\" sizes=\"(max-width: 1024px) 100vw, 1024px\" \/>\t\t\t\t\t\t\t\t\t\t\t\t\t\t\t<\/div>\n\t\t\t\t<\/div>\n\t\t\t\t\t<\/div>\n\t\t<\/div>\n\t\t\t\t\t<\/div>\n\t\t<\/section>\n\t\t\t\t<\/div>","protected":false},"excerpt":{"rendered":"<p>Welcome to Yitel Premium, an exquisite haven of luxury and convenience nestled in the heart of Shanghai\u2019s vibrant cityscape at the iconic People&#8217;s Square and Nanjing Road Pedestrian Street. Our hotel is more than just a place to stay\u2014it\u2019s a gateway to experiencing the dynamic energy, rich culture, and unmatched charm of one of China\u2019s [&hellip;]<\/p>\n","protected":false},"author":1,"featured_media":0,"parent":0,"menu_order":0,"comment_status":"closed","ping_status":"closed","template":"","meta":{"footnotes":""},"class_list":["post-5266","page","type-page","status-publish","hentry","post-no-thumbnail"],"_links":{"self":[{"href":"https:\/\/yitelpremium.com\/es\/wp-json\/wp\/v2\/pages\/5266","targetHints":{"allow":["GET"]}}],"collection":[{"href":"https:\/\/yitelpremium.com\/es\/wp-json\/wp\/v2\/pages"}],"about":[{"href":"https:\/\/yitelpremium.com\/es\/wp-json\/wp\/v2\/types\/page"}],"author":[{"embeddable":true,"href":"https:\/\/yitelpremium.com\/es\/wp-json\/wp\/v2\/users\/1"}],"replies":[{"embeddable":true,"href":"https:\/\/yitelpremium.com\/es\/wp-json\/wp\/v2\/comments?post=5266"}],"version-history":[{"count":0,"href":"https:\/\/yitelpremium.com\/es\/wp-json\/wp\/v2\/pages\/5266\/revisions"}],"wp:attachment":[{"href":"https:\/\/yitelpremium.com\/es\/wp-json\/wp\/v2\/media?parent=5266"}],"curies":[{"name":"gracias","href":"https:\/\/api.w.org\/{rel}","templated":true}]}}