{"id":5266,"date":"2021-07-18T08:03:35","date_gmt":"2021-07-18T08:03:35","guid":{"rendered":"https:\/\/nuss.uxper.co\/luxury-resort\/?page_id=5266"},"modified":"2025-12-04T13:57:11","modified_gmt":"2025-12-04T13:57:11","slug":"uber-uns","status":"publish","type":"page","link":"https:\/\/yitelpremium.com\/de\/about-us\/","title":{"rendered":"\u00dcber uns"},"content":{"rendered":"<div data-elementor-type=\"wp-page\" data-elementor-id=\"5266\" class=\"elementor elementor-5266\">\n\t\t\t\t\t\t<section class=\"elementor-section elementor-top-section elementor-element elementor-element-10416953 elementor-section-boxed elementor-section-gap-beside-yes elementor-section-height-default elementor-section-height-default elementor-section-column-vertical-align-stretch\" data-id=\"10416953\" data-element_type=\"section\" data-e-type=\"section\">\n\t\t\t\t\t\t<div class=\"elementor-container elementor-column-gap-extended\">\n\t\t\t\t\t<div class=\"elementor-column elementor-col-100 elementor-top-column elementor-element elementor-element-29c6aa8\" data-id=\"29c6aa8\" data-element_type=\"column\" data-e-type=\"column\">\n\t\t\t<div class=\"elementor-widget-wrap elementor-element-populated\">\n\t\t\t\t\t\t<div class=\"elementor-element elementor-element-7be18fe7 elementor-widget__width-initial elementor-invisible elementor-widget elementor-widget-text-editor\" data-id=\"7be18fe7\" data-element_type=\"widget\" data-e-type=\"widget\" data-settings=\"{&quot;_animation&quot;:&quot;nussFadeInUp&quot;}\" data-widget_type=\"text-editor.default\">\n\t\t\t\t<div class=\"elementor-widget-container\">\n\t\t\t\t\t\t\t\t\t<p>Willkommen im Yitel Premium, einer exquisiten Oase des Luxus und Komforts inmitten von Shanghais pulsierendem Stadtbild am ber\u00fchmten Platz des Volkes und der Fu\u00dfg\u00e4ngerzone Nanjing Road. Unser Hotel ist mehr als nur eine Unterkunft \u2013 es ist ein Tor, um die dynamische Energie, die reiche Kultur und den unvergleichlichen Charme einer der faszinierendsten St\u00e4dte Chinas zu erleben. Das Yitel Premium ist sowohl f\u00fcr Urlauber als auch f\u00fcr Gesch\u00e4ftsreisende ideal gelegen und bietet eine au\u00dfergew\u00f6hnliche Mischung aus moderner Eleganz, pers\u00f6nlichem Service und erstklassiger Lage, die jeden Moment Ihres Aufenthalts zu einem unvergesslichen Erlebnis macht.<\/p>\t\t\t\t\t\t\t\t<\/div>\n\t\t\t\t<\/div>\n\t\t\t\t\t<\/div>\n\t\t<\/div>\n\t\t\t\t\t<\/div>\n\t\t<\/section>\n\t\t\t\t<section class=\"elementor-section elementor-top-section elementor-element elementor-element-7d18327f elementor-section-boxed elementor-section-gap-beside-yes elementor-section-height-default elementor-section-height-default elementor-section-column-vertical-align-stretch\" data-id=\"7d18327f\" data-element_type=\"section\" data-e-type=\"section\">\n\t\t\t\t\t\t<div class=\"elementor-container elementor-column-gap-extended\">\n\t\t\t\t\t<div class=\"elementor-column elementor-col-50 elementor-top-column elementor-element elementor-element-56533670\" data-id=\"56533670\" data-element_type=\"column\" data-e-type=\"column\">\n\t\t\t<div class=\"elementor-widget-wrap elementor-element-populated\">\n\t\t\t\t\t\t<div class=\"elementor-element elementor-element-19c3f543 elementor-invisible elementor-widget elementor-widget-text-editor\" data-id=\"19c3f543\" data-element_type=\"widget\" data-e-type=\"widget\" data-settings=\"{&quot;_animation&quot;:&quot;nussFadeInUp&quot;}\" data-widget_type=\"text-editor.default\">\n\t\t\t\t<div class=\"elementor-widget-container\">\n\t\t\t\t\t\t\t\t\t<p>Nur wenige Schritte von der gesch\u00e4ftigen Fu\u00dfg\u00e4ngerzone Nanjing Road entfernt, die oft als Shanghais wichtigstes Einkaufs- und Unterhaltungszentrum bezeichnet wird, bietet Ihnen das Yitel Premium ein Zentrum endloser M\u00f6glichkeiten. Ob Sie durch exklusive Boutiquen schlendern, authentische lokale K\u00fcche genie\u00dfen oder die historischen Sehensw\u00fcrdigkeiten der Stadt wie den nahegelegenen Platz des Volkes und den Bund erkunden \u2013 unser Hotel ist der ideale Ausgangspunkt, um alles zu erkunden. Dank der nahtlosen Anbindung an \u00f6ffentliche Verkehrsmittel und der N\u00e4he zu den wichtigsten U-Bahn-Linien ist es so einfach wie nie zuvor, sich in Shanghais weitl\u00e4ufiger Stadtlandschaft zurechtzufinden.<\/p>\t\t\t\t\t\t\t\t<\/div>\n\t\t\t\t<\/div>\n\t\t\t\t\t<\/div>\n\t\t<\/div>\n\t\t\t\t<div class=\"elementor-column elementor-col-50 elementor-top-column elementor-element elementor-element-30f14127\" data-id=\"30f14127\" data-element_type=\"column\" data-e-type=\"column\">\n\t\t\t<div class=\"elementor-widget-wrap elementor-element-populated\">\n\t\t\t\t\t\t<div class=\"elementor-element elementor-element-5ef3530 elementor-widget elementor-widget-image\" data-id=\"5ef3530\" data-element_type=\"widget\" data-e-type=\"widget\" data-widget_type=\"image.default\">\n\t\t\t\t<div class=\"elementor-widget-container\">\n\t\t\t\t\t\t\t\t\t\t\t\t\t\t\t<img fetchpriority=\"high\" decoding=\"async\" width=\"1024\" height=\"683\" src=\"https:\/\/yitelpremium.com\/wp-content\/uploads\/2025\/06\/Yitel-Premium-1.jpg\" class=\"attachment-large size-large wp-image-5552\" alt=\"\" srcset=\"https:\/\/yitelpremium.com\/wp-content\/uploads\/2025\/06\/Yitel-Premium-1.jpg 1024w, https:\/\/yitelpremium.com\/wp-content\/uploads\/2025\/06\/Yitel-Premium-1-300x200.jpg 300w, https:\/\/yitelpremium.com\/wp-content\/uploads\/2025\/06\/Yitel-Premium-1-768x512.jpg 768w, https:\/\/yitelpremium.com\/wp-content\/uploads\/2025\/06\/Yitel-Premium-1-18x12.jpg 18w\" sizes=\"(max-width: 1024px) 100vw, 1024px\" \/>\t\t\t\t\t\t\t\t\t\t\t\t\t\t\t<\/div>\n\t\t\t\t<\/div>\n\t\t\t\t\t<\/div>\n\t\t<\/div>\n\t\t\t\t\t<\/div>\n\t\t<\/section>\n\t\t\t\t<section class=\"elementor-section elementor-top-section elementor-element elementor-element-29fb8578 elementor-section-height-min-height elementor-section-stretched elementor-section-full_width elementor-section-items-stretch elementor-section-height-default elementor-section-column-vertical-align-stretch\" data-id=\"29fb8578\" data-element_type=\"section\" data-e-type=\"section\" data-settings=\"{&quot;stretch_section&quot;:&quot;section-stretched&quot;}\">\n\t\t\t\t\t\t<div class=\"elementor-container elementor-column-gap-no\">\n\t\t\t\t\t<div class=\"elementor-column elementor-col-50 elementor-top-column elementor-element elementor-element-40ac270b\" data-id=\"40ac270b\" data-element_type=\"column\" data-e-type=\"column\">\n\t\t\t<div class=\"elementor-widget-wrap elementor-element-populated\">\n\t\t\t\t\t\t<div class=\"elementor-element elementor-element-20872773 elementor-widget__width-initial elementor-widget-mobile__width-inherit elementor-invisible nuss-elementor-loading nuss-slide-in-right elementor-widget elementor-widget-image\" data-id=\"20872773\" data-element_type=\"widget\" data-e-type=\"widget\" data-settings=\"{&quot;_animation&quot;:&quot;nussSlideInRight&quot;}\" data-widget_type=\"image.default\">\n\t\t\t\t<div class=\"elementor-widget-container\">\n\t\t\t\t\t\t\t\t\t\t\t\t\t\t\t<img decoding=\"async\" width=\"1024\" height=\"683\" src=\"https:\/\/yitelpremium.com\/wp-content\/uploads\/2025\/06\/Yitel-Premium-24.jpg\" class=\"attachment-full size-full wp-image-5575\" alt=\"\" srcset=\"https:\/\/yitelpremium.com\/wp-content\/uploads\/2025\/06\/Yitel-Premium-24.jpg 1024w, https:\/\/yitelpremium.com\/wp-content\/uploads\/2025\/06\/Yitel-Premium-24-300x200.jpg 300w, https:\/\/yitelpremium.com\/wp-content\/uploads\/2025\/06\/Yitel-Premium-24-768x512.jpg 768w, https:\/\/yitelpremium.com\/wp-content\/uploads\/2025\/06\/Yitel-Premium-24-18x12.jpg 18w\" sizes=\"(max-width: 1024px) 100vw, 1024px\" \/>\t\t\t\t\t\t\t\t\t\t\t\t\t\t\t<\/div>\n\t\t\t\t<\/div>\n\t\t\t\t\t<\/div>\n\t\t<\/div>\n\t\t\t\t<div class=\"elementor-column elementor-col-50 elementor-top-column elementor-element elementor-element-2dac103\" data-id=\"2dac103\" data-element_type=\"column\" data-e-type=\"column\">\n\t\t\t<div class=\"elementor-widget-wrap elementor-element-populated\">\n\t\t\t\t\t\t<div class=\"elementor-element elementor-element-6f1b8966 elementor-invisible elementor-widget elementor-widget-text-editor\" data-id=\"6f1b8966\" data-element_type=\"widget\" data-e-type=\"widget\" data-settings=\"{&quot;_animation&quot;:&quot;nussFadeInUp&quot;}\" data-widget_type=\"text-editor.default\">\n\t\t\t\t<div class=\"elementor-widget-container\">\n\t\t\t\t\t\t\t\t\t<p>Im Yitel Premium (Shanghai People&#039;s Square Nanjing Road Pedestrian Street Shop) definieren wir Gastfreundschaft mit unserem Anspruch an Exzellenz neu. Unsere durchdacht gestalteten Zimmer und Suiten bieten Ihnen Komfort pur und \u00fcberzeugen mit modernem Dekor, hochmoderner Ausstattung und einem atemberaubenden Blick auf die Skyline der Stadt. Jeder Raum ist so gestaltet, dass er Ihnen einen ruhigen R\u00fcckzugsort vom Trubel Shanghais bietet und Sie erfrischt und bereit f\u00fcr den Tag macht. Von luxuri\u00f6ser Bettw\u00e4sche und Highspeed-WLAN bis hin zu hochwertigen Pflegeprodukten und Unterhaltung im Zimmer \u2013 jedes Detail ist auf Ihre Zufriedenheit ausgerichtet.<\/p><p>Neben luxuri\u00f6sen Unterk\u00fcnften bietet Yitel Premium eine Reihe erstklassiger Einrichtungen f\u00fcr einen unvergesslichen Aufenthalt. Genie\u00dfen Sie k\u00f6stliche Gerichte in unserem hoteleigenen Restaurant mit einer Mischung aus internationalen und regionalen Aromen. Bleiben Sie aktiv in unserem modernen Fitnesscenter oder entspannen Sie nach einem langen Tag voller Entdeckungen in unseren ruhigen Loungebereichen. F\u00fcr Gesch\u00e4ftsreisende sorgen unsere voll ausgestatteten Tagungsr\u00e4ume und unsere speziellen Business-Services f\u00fcr produktives Arbeiten ohne Kompromisse.<\/p>\t\t\t\t\t\t\t\t<\/div>\n\t\t\t\t<\/div>\n\t\t\t\t\t<\/div>\n\t\t<\/div>\n\t\t\t\t\t<\/div>\n\t\t<\/section>\n\t\t\t\t<section class=\"elementor-section elementor-top-section elementor-element elementor-element-2ed7f63 elementor-section-height-min-height elementor-section-stretched elementor-section-full_width elementor-section-items-stretch elementor-section-height-default elementor-section-column-vertical-align-stretch\" data-id=\"2ed7f63\" data-element_type=\"section\" data-e-type=\"section\" data-settings=\"{&quot;stretch_section&quot;:&quot;section-stretched&quot;}\">\n\t\t\t\t\t\t<div class=\"elementor-container elementor-column-gap-no\">\n\t\t\t\t\t<div class=\"elementor-column elementor-col-50 elementor-top-column elementor-element elementor-element-cbf8852\" data-id=\"cbf8852\" data-element_type=\"column\" data-e-type=\"column\">\n\t\t\t<div class=\"elementor-widget-wrap elementor-element-populated\">\n\t\t\t\t\t\t<div class=\"elementor-element elementor-element-d8af4d8 elementor-invisible elementor-widget elementor-widget-text-editor\" data-id=\"d8af4d8\" data-element_type=\"widget\" data-e-type=\"widget\" data-settings=\"{&quot;_animation&quot;:&quot;nussFadeInUp&quot;}\" data-widget_type=\"text-editor.default\">\n\t\t\t\t<div class=\"elementor-widget-container\">\n\t\t\t\t\t\t\t\t\t<p>Was Yitel Premium wirklich auszeichnet, ist unser unerm\u00fcdliches Engagement f\u00fcr ein personalisiertes G\u00e4steerlebnis. Unser freundliches und professionelles Personal steht Ihnen rund um die Uhr mit Reiseempfehlungen, lokalen Informationen und ma\u00dfgeschneidertem Concierge-Service zur Seite. Ob Wochenendtrip, Familienurlaub oder Gesch\u00e4ftsreise \u2013 wir tun unser Bestes, um Ihren Aufenthalt unvergesslich und reibungslos zu gestalten.<\/p><p>Mit dem Yitel Premium (Shanghai People&#039;s Square Nanjing Road Pedestrian Street Shop) entscheiden Sie sich f\u00fcr einen Aufenthalt, der Lage, Luxus und lokales Flair vereint. Tauchen Sie ein in die elektrisierende Atmosph\u00e4re der Nanjing Road, bestaunen Sie die kulturellen Sch\u00e4tze des People&#039;s Square und genie\u00dfen Sie ein Hotel, in dem Sie sich wie zu Hause f\u00fchlen \u2013 nur besser. Buchen Sie noch heute Ihren Aufenthalt bei uns und \u00f6ffnen Sie die T\u00fcr zu einem unvergesslichen Shanghai-Abenteuer. Entdecken Sie mit dem Yitel Premium die Magie dieser Weltmetropole \u2013 einen au\u00dfergew\u00f6hnlichen Moment nach dem anderen.<\/p>\t\t\t\t\t\t\t\t<\/div>\n\t\t\t\t<\/div>\n\t\t\t\t\t<\/div>\n\t\t<\/div>\n\t\t\t\t<div class=\"elementor-column elementor-col-50 elementor-top-column elementor-element elementor-element-1a3446b\" data-id=\"1a3446b\" data-element_type=\"column\" data-e-type=\"column\">\n\t\t\t<div class=\"elementor-widget-wrap elementor-element-populated\">\n\t\t\t\t\t\t<div class=\"elementor-element elementor-element-0afea44 elementor-widget__width-initial elementor-widget-mobile__width-inherit elementor-invisible nuss-elementor-loading nuss-slide-in-right elementor-widget elementor-widget-image\" data-id=\"0afea44\" data-element_type=\"widget\" data-e-type=\"widget\" data-settings=\"{&quot;_animation&quot;:&quot;nussSlideInRight&quot;}\" data-widget_type=\"image.default\">\n\t\t\t\t<div class=\"elementor-widget-container\">\n\t\t\t\t\t\t\t\t\t\t\t\t\t\t\t<img decoding=\"async\" width=\"1024\" height=\"683\" src=\"https:\/\/yitelpremium.com\/wp-content\/uploads\/2025\/06\/Yitel-Premium-7.jpg\" class=\"attachment-full size-full wp-image-5558\" alt=\"\" srcset=\"https:\/\/yitelpremium.com\/wp-content\/uploads\/2025\/06\/Yitel-Premium-7.jpg 1024w, https:\/\/yitelpremium.com\/wp-content\/uploads\/2025\/06\/Yitel-Premium-7-300x200.jpg 300w, https:\/\/yitelpremium.com\/wp-content\/uploads\/2025\/06\/Yitel-Premium-7-768x512.jpg 768w, https:\/\/yitelpremium.com\/wp-content\/uploads\/2025\/06\/Yitel-Premium-7-18x12.jpg 18w\" sizes=\"(max-width: 1024px) 100vw, 1024px\" \/>\t\t\t\t\t\t\t\t\t\t\t\t\t\t\t<\/div>\n\t\t\t\t<\/div>\n\t\t\t\t\t<\/div>\n\t\t<\/div>\n\t\t\t\t\t<\/div>\n\t\t<\/section>\n\t\t\t\t<\/div>","protected":false},"excerpt":{"rendered":"<p>Welcome to Yitel Premium, an exquisite haven of luxury and convenience nestled in the heart of Shanghai\u2019s vibrant cityscape at the iconic People&#8217;s Square and Nanjing Road Pedestrian Street. Our hotel is more than just a place to stay\u2014it\u2019s a gateway to experiencing the dynamic energy, rich culture, and unmatched charm of one of China\u2019s [&hellip;]<\/p>\n","protected":false},"author":1,"featured_media":0,"parent":0,"menu_order":0,"comment_status":"closed","ping_status":"closed","template":"","meta":{"footnotes":""},"class_list":["post-5266","page","type-page","status-publish","hentry","post-no-thumbnail"],"_links":{"self":[{"href":"https:\/\/yitelpremium.com\/de\/wp-json\/wp\/v2\/pages\/5266","targetHints":{"allow":["GET"]}}],"collection":[{"href":"https:\/\/yitelpremium.com\/de\/wp-json\/wp\/v2\/pages"}],"about":[{"href":"https:\/\/yitelpremium.com\/de\/wp-json\/wp\/v2\/types\/page"}],"author":[{"embeddable":true,"href":"https:\/\/yitelpremium.com\/de\/wp-json\/wp\/v2\/users\/1"}],"replies":[{"embeddable":true,"href":"https:\/\/yitelpremium.com\/de\/wp-json\/wp\/v2\/comments?post=5266"}],"version-history":[{"count":0,"href":"https:\/\/yitelpremium.com\/de\/wp-json\/wp\/v2\/pages\/5266\/revisions"}],"wp:attachment":[{"href":"https:\/\/yitelpremium.com\/de\/wp-json\/wp\/v2\/media?parent=5266"}],"curies":[{"name":"wp","href":"https:\/\/api.w.org\/{rel}","templated":true}]}}