{"id":2105,"date":"2021-03-24T07:25:45","date_gmt":"2021-03-24T07:25:45","guid":{"rendered":"http:\/\/localhost\/nuss\/?page_id=235"},"modified":"2025-12-04T13:57:43","modified_gmt":"2025-12-04T13:57:43","slug":"faqs","status":"publish","type":"page","link":"https:\/\/yitelpremium.com\/de\/faqs\/","title":{"rendered":"FAQs"},"content":{"rendered":"<div data-elementor-type=\"wp-page\" data-elementor-id=\"2105\" class=\"elementor elementor-2105\">\n\t\t\t\t\t\t<section class=\"elementor-section elementor-top-section elementor-element elementor-element-2a96a73 elementor-section-boxed elementor-section-gap-beside-yes elementor-section-height-default elementor-section-height-default elementor-section-column-vertical-align-stretch\" data-id=\"2a96a73\" data-element_type=\"section\" data-e-type=\"section\">\n\t\t\t\t\t\t<div class=\"elementor-container elementor-column-gap-extended\">\n\t\t\t\t\t<div class=\"elementor-column elementor-col-100 elementor-top-column elementor-element elementor-element-98ef20c\" data-id=\"98ef20c\" data-element_type=\"column\" data-e-type=\"column\">\n\t\t\t<div class=\"elementor-widget-wrap elementor-element-populated\">\n\t\t\t\t\t\t<div class=\"elementor-element elementor-element-97088c0 elementor-widget__width-initial elementor-invisible elementor-widget elementor-widget-text-editor\" data-id=\"97088c0\" data-element_type=\"widget\" data-e-type=\"widget\" data-settings=\"{&quot;_animation&quot;:&quot;nussFadeInUp&quot;}\" data-widget_type=\"text-editor.default\">\n\t\t\t\t<div class=\"elementor-widget-container\">\n\t\t\t\t\t\t\t\t\t<p>Nachfolgend finden Sie eine Liste der am h\u00e4ufigsten von unseren G\u00e4sten gestellten Fragen.<\/p>\t\t\t\t\t\t\t\t<\/div>\n\t\t\t\t<\/div>\n\t\t\t\t\t<\/div>\n\t\t<\/div>\n\t\t\t\t\t<\/div>\n\t\t<\/section>\n\t\t\t\t<section class=\"elementor-section elementor-top-section elementor-element elementor-element-b184647 elementor-section-gap-beside-no elementor-section-boxed elementor-section-height-default elementor-section-height-default elementor-section-column-vertical-align-stretch\" data-id=\"b184647\" data-element_type=\"section\" data-e-type=\"section\">\n\t\t\t\t\t\t<div class=\"elementor-container elementor-column-gap-extended\">\n\t\t\t\t\t<div class=\"elementor-column elementor-col-100 elementor-top-column elementor-element elementor-element-1d49749\" data-id=\"1d49749\" data-element_type=\"column\" data-e-type=\"column\">\n\t\t\t<div class=\"elementor-widget-wrap elementor-element-populated\">\n\t\t\t\t\t\t<div class=\"elementor-element elementor-element-b986a9e elementor-invisible elementor-widget elementor-widget-nuss-heading\" data-id=\"b986a9e\" data-element_type=\"widget\" data-e-type=\"widget\" data-settings=\"{&quot;_animation&quot;:&quot;nussFadeInUp&quot;}\" data-widget_type=\"nuss-heading.default\">\n\t\t\t\t<div class=\"elementor-widget-container\">\n\t\t\t\t\t\t\t<div class=\"nuss-modern-heading\">\r\n\t\t\t\r\n\t\t\t\t\t\t<div class=\"heading-primary-wrap\">\r\n\t\t\t\t<h4 class=\"heading-primary elementor-heading-title\">FAQ&#039;S<\/h4>\t\t\t<\/div>\r\n\t\t\r\n\t\t\t\t\t\t<div class=\"heading-divider-wrap\">\r\n\t\t\t\t<div class=\"heading-divider\" style=\"left: 0px;top: 6px\"><\/div>\r\n\t\t\t<\/div>\r\n\t\r\n\t\t\t\t\t<\/div>\r\n\t\t\t\t\t<\/div>\n\t\t\t\t<\/div>\n\t\t\t\t<div class=\"elementor-element elementor-element-50f0733 elementor-invisible elementor-widget elementor-widget-heading\" data-id=\"50f0733\" data-element_type=\"widget\" data-e-type=\"widget\" data-settings=\"{&quot;_animation&quot;:&quot;nussFadeInUp&quot;}\" data-widget_type=\"heading.default\">\n\t\t\t\t<div class=\"elementor-widget-container\">\n\t\t\t\t\t<h2 class=\"elementor-heading-title elementor-size-default\">Fragen &amp; Antworten<\/h2>\t\t\t\t<\/div>\n\t\t\t\t<\/div>\n\t\t\t\t<div class=\"elementor-element elementor-element-b503a5a elementor-widget elementor-widget-text-editor\" data-id=\"b503a5a\" data-element_type=\"widget\" data-e-type=\"widget\" data-widget_type=\"text-editor.default\">\n\t\t\t\t<div class=\"elementor-widget-container\">\n\t\t\t\t\t\t\t\t\t<ol><li><p><strong>Welche beliebten Sehensw\u00fcrdigkeiten befinden sich in der N\u00e4he von Yitel Premium (Shanghai People&#039;s Square Nanjing Road Pedestrian Street Shop)?<\/strong><br \/>Das Hotel liegt in der N\u00e4he wichtiger Sehensw\u00fcrdigkeiten wie der Fu\u00dfg\u00e4ngerzone Nanjing Road, dem Platz des Volkes und dem Bund und ist somit ein idealer Ausgangspunkt, um Shanghais Kultur- und Einkaufszentren zu erkunden.<\/p><\/li><li><p><strong>Wie weit ist das Hotel vom internationalen Flughafen Pudong Shanghai entfernt?<\/strong><br \/>Das Hotel liegt je nach Route etwa 40\u201350 km vom internationalen Flughafen Pudong entfernt, wobei die Fahrzeit je nach Verkehrslage variiert (normalerweise etwa 1 Stunde mit dem Auto oder Taxi).<\/p><\/li><li><p><strong>Bietet Yitel Premium einen Flughafentransfer an?<\/strong><br \/>Ein Flughafentransfer ist m\u00f6glicherweise verf\u00fcgbar. Es wird jedoch empfohlen, dies direkt beim Hotel zu best\u00e4tigen, da dies nicht \u00fcberall auf den Plattformen angegeben ist. Einige Quellen empfehlen, den Transfer \u00fcber den Concierge zu organisieren.<\/p><\/li><li><p><strong>Wie sind die Check-in- und Check-out-Zeiten im Yitel Premium?<\/strong><br \/>Der Standard-Check-in erfolgt normalerweise nach 14:00 Uhr und der Check-out vor 12:00 Uhr. Diese Zeiten k\u00f6nnen jedoch auf Anfrage und je nach Verf\u00fcgbarkeit manchmal flexibler gestaltet werden.<\/p><\/li><li><p><strong>Bietet das Hotel seinen G\u00e4sten kostenloses WLAN?<\/strong><br \/>Ja, kostenloses WLAN ist in den Zimmern und \u00f6ffentlichen Bereichen des Hotels im Allgemeinen verf\u00fcgbar und wird den Bed\u00fcrfnissen sowohl von Urlaubern als auch Gesch\u00e4ftsreisenden gerecht.<\/p><\/li><li><p><strong>Gibt es im Hotel gastronomische Einrichtungen?<\/strong><br \/>Das hoteleigene Restaurant bietet eine Auswahl an regionalen und internationalen Gerichten. Fr\u00fchst\u00fccksoptionen sind oft im Preis inbegriffen oder gegen Aufpreis erh\u00e4ltlich.<\/p><\/li><li><p><strong>Gibt es im Yitel Premium (Shanghai People&#039;s Square) Parkpl\u00e4tze?<\/strong><br \/>Parkm\u00f6glichkeiten stehen zur Verf\u00fcgung, sind jedoch begrenzt oder geb\u00fchrenpflichtig. F\u00fcr weitere Informationen und Reservierungen wenden Sie sich bitte direkt an das Hotel.<\/p><\/li><li><p><strong>Sind die Zimmer im Yitel Premium mit einer Klimaanlage ausgestattet?<\/strong><br \/>Ja, alle Zimmer sind normalerweise mit einer Klimaanlage ausgestattet, um den Komfort der G\u00e4ste zu gew\u00e4hrleisten, insbesondere w\u00e4hrend der hei\u00dfen und feuchten Sommer in Shanghai.<\/p><\/li><li><p><strong>Verf\u00fcgt das Hotel \u00fcber ein Fitnesscenter oder Fitnessstudio?<\/strong><br \/>Einige Quellen geben an, dass es ein Fitnesscenter gibt, in dem die G\u00e4ste ihre Trainingsroutinen absolvieren k\u00f6nnen. Die genaue Ausstattung kann jedoch unterschiedlich sein.<\/p><\/li><li><p><strong>Ist Yitel Premium familienfreundlich und gibt es Annehmlichkeiten f\u00fcr Kinder?<\/strong><br \/>Das Hotel ist im Allgemeinen familienfreundlich, allerdings sollten spezielle Annehmlichkeiten f\u00fcr Kinder (wie Kinderbetten oder Spielbereiche) direkt best\u00e4tigt werden, da diese nicht auf allen Plattformen einheitlich aufgef\u00fchrt sind.<\/p><\/li><li><p><strong>Welche Zimmertypen stehen im Hotel zur Verf\u00fcgung?<\/strong><br \/>Zu den Zimmeroptionen geh\u00f6ren h\u00e4ufig Standardzimmer, Deluxe-Zimmer und Suiten mit unterschiedlichen Aussichten und Annehmlichkeiten, um den unterschiedlichen Vorlieben der G\u00e4ste gerecht zu werden.<\/p><\/li><li><p><strong>Spricht das Hotelpersonal Englisch oder andere Fremdsprachen?<\/strong><br \/>Einige Mitarbeiter sprechen zwar Englisch, das Sprachniveau kann jedoch variieren. Bewertungen deuten darauf hin, dass die Kommunikation gelegentlich eine Herausforderung darstellen kann. Daher k\u00f6nnten \u00dcbersetzungs-Apps hilfreich sein.<\/p><\/li><li><p><strong>Sind Haustiere im Yitel Premium (Shanghai People&#039;s Square) erlaubt?<\/strong><br \/>Haustiere sind in der Regel nicht erlaubt, wie es in vielen st\u00e4dtischen Hotels in China \u00fcblich ist. Am besten wenden Sie sich direkt an das Hotel, um die Haustierrichtlinien zu best\u00e4tigen.<\/p><\/li><li><p><strong>Verf\u00fcgt das Hotel \u00fcber Businesseinrichtungen oder Tagungsr\u00e4ume?<\/strong><br \/>Ja, f\u00fcr Gesch\u00e4ftsreisende stehen Businesseinrichtungen und Tagungsr\u00e4ume zur Verf\u00fcgung, die oft mit der notwendigen Technologie f\u00fcr Pr\u00e4sentationen und Konferenzen ausgestattet sind.<\/p><\/li><li><p><strong>Welche Stornierungsbedingungen gelten f\u00fcr Buchungen bei Yitel Premium?<\/strong><br \/>Die Stornierungsbedingungen variieren je nach Buchungsplattform und Tarifart (z. B. nicht erstattungsf\u00e4hig oder flexibel). Es wird empfohlen, die spezifischen Bedingungen zum Zeitpunkt der Buchung zu pr\u00fcfen oder sich zur Kl\u00e4rung an das Hotel zu wenden.<\/p><\/li><\/ol>\t\t\t\t\t\t\t\t<\/div>\n\t\t\t\t<\/div>\n\t\t\t\t\t<\/div>\n\t\t<\/div>\n\t\t\t\t\t<\/div>\n\t\t<\/section>\n\t\t\t\t<\/div>","protected":false},"excerpt":{"rendered":"<p>Below, you will find a list of the questions most frequently asked by our guests. FAQ&#8217;S Questions &amp; Answers Which popular attractions are close to Yitel Premium (Shanghai People&#8217;s Square Nanjing Road Pedestrian Street Shop)?The hotel is located near major attractions such as Nanjing Road Pedestrian Street, People\u2019s Square, and The Bund, making it an [&hellip;]<\/p>\n","protected":false},"author":1,"featured_media":0,"parent":0,"menu_order":0,"comment_status":"closed","ping_status":"closed","template":"","meta":{"footnotes":""},"class_list":["post-2105","page","type-page","status-publish","hentry","post-no-thumbnail"],"_links":{"self":[{"href":"https:\/\/yitelpremium.com\/de\/wp-json\/wp\/v2\/pages\/2105","targetHints":{"allow":["GET"]}}],"collection":[{"href":"https:\/\/yitelpremium.com\/de\/wp-json\/wp\/v2\/pages"}],"about":[{"href":"https:\/\/yitelpremium.com\/de\/wp-json\/wp\/v2\/types\/page"}],"author":[{"embeddable":true,"href":"https:\/\/yitelpremium.com\/de\/wp-json\/wp\/v2\/users\/1"}],"replies":[{"embeddable":true,"href":"https:\/\/yitelpremium.com\/de\/wp-json\/wp\/v2\/comments?post=2105"}],"version-history":[{"count":0,"href":"https:\/\/yitelpremium.com\/de\/wp-json\/wp\/v2\/pages\/2105\/revisions"}],"wp:attachment":[{"href":"https:\/\/yitelpremium.com\/de\/wp-json\/wp\/v2\/media?parent=2105"}],"curies":[{"name":"wp","href":"https:\/\/api.w.org\/{rel}","templated":true}]}}